{"id":121,"date":"2014-04-02T13:54:19","date_gmt":"2014-04-02T11:54:19","guid":{"rendered":"http:\/\/www.fs-sprache-alter-muehlenweg.de\/wordpress\/?page_id=121"},"modified":"2022-06-16T16:14:57","modified_gmt":"2022-06-16T14:14:57","slug":"hausaufgabenbetreuung","status":"publish","type":"page","link":"https:\/\/www.fs-sprache-alter-muehlenweg.de\/wordpress\/?page_id=121","title":{"rendered":"Mittagessen"},"content":{"rendered":"<p><strong>Essen ist ein Bed\u00fcrfnis, genie\u00dfen ist eine Kunst<\/strong><br \/>\n(Francois Duc de La Rochefoucauld, frz. Schriftsteller, 1613-1680)<\/p>\n<p>Unser K\u00fcchenteam, bestehend aus zwei ausgebildeten K\u00f6chInnen und einer K\u00fcchenhilfe, sorgt f\u00fcr eine frisch zubereitete Mittagsverpflegung. Ausgewogenheit im Speiseplan durch viel Gem\u00fcse oder Rohkost; Kartoffeln, Reis oder Vollkornnudeln; hochwertige \u00d6le, Fleisch oder Fisch ist uns wichtig.<\/p>\n<p>Das Mittagessen wird durch meist saisonale Obst- und Rohkostteller zu den Zwischenmahlzeiten erg\u00e4nzt. Die Lieferanten liefern m\u00f6glichst aus der Region. Fleisch wird aktuell aus der Biometzgerei und Fisch aus nachhaltiger Fischerei bezogen. Eine Besonderheit ist das frischgebackene Brot.<\/p>\n<p>Selbstverst\u00e4ndlich werden die Speisepl\u00e4ne unter Ber\u00fccksichtigung der verschiedenen Kulturen und Religionen (z.B. wird grunds\u00e4tzlich kein Schweinefleisch angeboten) und auch nach den W\u00fcnschen der Kinder zusammengestellt.<\/p>\n<p>Im Rahmen des p\u00e4dagogischen Konzepts essen Kinder und Erwachsene gemeinsam in ihren jeweiligen Gruppen- und Klassenr\u00e4umen zu Mittag. Gruppentische erm\u00f6glichen ein geselliges Miteinander. Das Essen kommt in Sch\u00fcsseln auf den Tisch, so k\u00f6nnen die Kinder ihre Essensportion selbst bestimmen. In diesem Zusammenhang ist es uns wichtig, dass das Essen Wertsch\u00e4tzung erf\u00e4hrt, d.h.: man nimmt sich nur so viel, wie man auch wirklich essen m\u00f6chte. Probiermengen k\u00f6nnen sehr klein ausfallen und helfen zu entdecken, was man mag. Die Kinder erleben familien\u00e4hnliche Mahlzeiten mit Raum f\u00fcr Gespr\u00e4che und soziales Miteinander. Auf spielerische Weise l\u00e4sst sich hierbei Ern\u00e4hrungswissen vermitteln und Geschmack mit allen Sinnen entdecken.<\/p>\n<p>Eine vollwertige, ausgewogene und hygienisch einwandfreie Schulverpflegung ist Teil der Basis f\u00fcr die Gesundheit. Sie garantiert k\u00f6rperliche und geistige Leistungsf\u00e4higkeit im schulischen Alltag und dar\u00fcber hinaus. Netzwerk e.V. ist es wichtig, dem Qualit\u00e4tsstandard f\u00fcr Schulverpflegung zu entsprechen , daher sind die OGS-K\u00fcchen von der Technischen Universit\u00e4t Dortmund zertifiziert.<\/p>\n","protected":false},"excerpt":{"rendered":"<p>Essen ist ein Bed\u00fcrfnis, genie\u00dfen ist eine Kunst (Francois Duc de La Rochefoucauld, frz. Schriftsteller, 1613-1680) Unser K\u00fcchenteam, bestehend aus zwei ausgebildeten K\u00f6chInnen und einer K\u00fcchenhilfe, sorgt f\u00fcr eine frisch <a class=\"more-link\" href=\"https:\/\/www.fs-sprache-alter-muehlenweg.de\/wordpress\/?page_id=121\">Continue Reading &rarr;<\/a><\/p>\n","protected":false},"author":9,"featured_media":0,"parent":111,"menu_order":40,"comment_status":"closed","ping_status":"open","template":"","meta":{"footnotes":""},"class_list":["post-121","page","type-page","status-publish","hentry"],"_links":{"self":[{"href":"https:\/\/www.fs-sprache-alter-muehlenweg.de\/wordpress\/index.php?rest_route=\/wp\/v2\/pages\/121","targetHints":{"allow":["GET"]}}],"collection":[{"href":"https:\/\/www.fs-sprache-alter-muehlenweg.de\/wordpress\/index.php?rest_route=\/wp\/v2\/pages"}],"about":[{"href":"https:\/\/www.fs-sprache-alter-muehlenweg.de\/wordpress\/index.php?rest_route=\/wp\/v2\/types\/page"}],"author":[{"embeddable":true,"href":"https:\/\/www.fs-sprache-alter-muehlenweg.de\/wordpress\/index.php?rest_route=\/wp\/v2\/users\/9"}],"replies":[{"embeddable":true,"href":"https:\/\/www.fs-sprache-alter-muehlenweg.de\/wordpress\/index.php?rest_route=%2Fwp%2Fv2%2Fcomments&post=121"}],"version-history":[{"count":9,"href":"https:\/\/www.fs-sprache-alter-muehlenweg.de\/wordpress\/index.php?rest_route=\/wp\/v2\/pages\/121\/revisions"}],"predecessor-version":[{"id":2547,"href":"https:\/\/www.fs-sprache-alter-muehlenweg.de\/wordpress\/index.php?rest_route=\/wp\/v2\/pages\/121\/revisions\/2547"}],"up":[{"embeddable":true,"href":"https:\/\/www.fs-sprache-alter-muehlenweg.de\/wordpress\/index.php?rest_route=\/wp\/v2\/pages\/111"}],"wp:attachment":[{"href":"https:\/\/www.fs-sprache-alter-muehlenweg.de\/wordpress\/index.php?rest_route=%2Fwp%2Fv2%2Fmedia&parent=121"}],"curies":[{"name":"wp","href":"https:\/\/api.w.org\/{rel}","templated":true}]}}