{"id":161,"date":"2014-12-03T14:56:25","date_gmt":"2014-12-03T12:56:25","guid":{"rendered":"http:\/\/www.fs-sprache-alter-muehlenweg.de\/wordpress\/?page_id=161"},"modified":"2015-03-04T19:26:53","modified_gmt":"2015-03-04T18:26:53","slug":"konzept-lernzeit","status":"publish","type":"page","link":"https:\/\/www.fs-sprache-alter-muehlenweg.de\/wordpress\/?page_id=161","title":{"rendered":"Konzept Lernzeit"},"content":{"rendered":"<p class=\"western\" style=\"margin-bottom: 0cm;\" align=\"JUSTIFY\"><span style=\"font-family: Tahoma,sans-serif;\">Die Lernzeit innerhalb der OGS bietet den Kindern Raum, Ruhe und Zeit um ihre Hausaufgaben zu erledigen.<\/span><\/p>\n<p class=\"western\" style=\"margin-bottom: 0cm;\" align=\"JUSTIFY\"><span style=\"font-family: Tahoma,sans-serif;\">Die Hausaufgabenbetreuung gibt keine Nachhilfe. Sie erm\u00f6glicht den Sch\u00fclerInnen jedoch eine regelm\u00e4\u00dfige Unterst\u00fctzung (Aufgabenstellung erfassen, Erkl\u00e4rungen zum Verst\u00e4ndnis und zum Wortschatz, L\u00f6sungsstrategien) und erm\u00f6glicht in Einzelf\u00e4llen individuelle F\u00f6rderung.<\/span><\/p>\n<p class=\"western\" style=\"margin-bottom: 0cm;\" align=\"JUSTIFY\"><span style=\"font-family: Tahoma,sans-serif;\"><span style=\"text-decoration: underline;\"><b>Das \u201eHausaufgabenband\u201c<\/b><\/span><\/span><\/p>\n<p class=\"western\" style=\"margin-bottom: 0cm;\" align=\"JUSTIFY\"><span style=\"font-family: Tahoma,sans-serif;\">Um konstante, kleine Hausaufgabengruppen mit der gleichen Betreuungsperson im gleichen Raum zu erm\u00f6glichen, gibt es von Montag bis Donnerstag ein Hausaufgabenband von 15.00 bis 16.00 Uhr. <\/span><\/p>\n<p class=\"western\" style=\"margin-bottom: 0cm;\" align=\"JUSTIFY\"><span style=\"font-family: Tahoma,sans-serif;\">Den Freitag nutzen wir f\u00fcr gemeinsame Gruppenaktivit\u00e4ten.<\/span><\/p>\n<p class=\"western\" style=\"margin-bottom: 0cm;\" align=\"JUSTIFY\"><span style=\"font-family: Tahoma,sans-serif;\"><span style=\"font-size: large;\"><span style=\"text-decoration: underline;\">Raum<\/span><\/span><\/span><span style=\"font-family: Tahoma,sans-serif;\"><span style=\"text-decoration: underline;\">:<\/span><\/span><span style=\"font-family: Tahoma,sans-serif;\"> Zu dieser sp\u00e4ten Zeit werden keine R\u00e4ume mehr f\u00fcr den normalen Schulbetrieb ben\u00f6tigt. Die Sch\u00fclerInnen k\u00f6nnen jeden Tag im gleichen Raum arbeiten.<\/span><\/p>\n<p class=\"western\" style=\"margin-bottom: 0cm;\" align=\"JUSTIFY\"><span style=\"font-family: Tahoma,sans-serif;\"><span style=\"font-size: large;\"><span style=\"text-decoration: underline;\">Ruhe:<\/span><\/span><\/span><span style=\"font-family: Tahoma,sans-serif;\"> Da gen\u00fcgend R\u00e4ume zur Verf\u00fcgung stehen, k\u00f6nnen wir kleinere Gruppen bilden. Da alle Kinder gleichzeitig Hausaufgaben machen, k\u00f6nnen die OGS-MitarbeiterInnen konsequent bei der Hausaufgabenhilfe mitarbeiten. <\/span><\/p>\n<p class=\"western\" style=\"margin-bottom: 0cm;\" align=\"JUSTIFY\"><span style=\"font-family: Tahoma,sans-serif;\"><span style=\"font-size: large;\"><span style=\"text-decoration: underline;\">Zeit<\/span><\/span><\/span><span style=\"font-family: Tahoma,sans-serif;\"><span style=\"font-size: large;\">:<\/span><\/span><span style=\"font-family: Tahoma,sans-serif;\"> Die Klassen S1-2 erledigen ihre Hausaufgaben von 15.00 bis 15.30 Uhr. <\/span><\/p>\n<p class=\"western\" style=\"margin-bottom: 0cm;\" align=\"JUSTIFY\"><span style=\"font-family: Tahoma,sans-serif;\"> Die Klassen 3 und 4 erledigen ihre Hausaufgaben von 15.00 bis 16.00 Uhr.<\/span><\/p>\n<p class=\"western\" style=\"margin-bottom: 0cm;\" align=\"JUSTIFY\"><span style=\"font-family: Tahoma,sans-serif;\">Kinder die ihre Aufgaben erledigt haben, nutzen die Freispielzeit im Erdgeschoss.<\/span><\/p>\n","protected":false},"excerpt":{"rendered":"<p>Die Lernzeit innerhalb der OGS bietet den Kindern Raum, Ruhe und Zeit um ihre Hausaufgaben zu erledigen. Die Hausaufgabenbetreuung gibt keine Nachhilfe. Sie erm\u00f6glicht den Sch\u00fclerInnen jedoch eine regelm\u00e4\u00dfige Unterst\u00fctzung <a class=\"more-link\" href=\"https:\/\/www.fs-sprache-alter-muehlenweg.de\/wordpress\/?page_id=161\">Continue Reading &rarr;<\/a><\/p>\n","protected":false},"author":9,"featured_media":0,"parent":117,"menu_order":20,"comment_status":"closed","ping_status":"open","template":"","meta":{"footnotes":""},"class_list":["post-161","page","type-page","status-publish","hentry"],"_links":{"self":[{"href":"https:\/\/www.fs-sprache-alter-muehlenweg.de\/wordpress\/index.php?rest_route=\/wp\/v2\/pages\/161","targetHints":{"allow":["GET"]}}],"collection":[{"href":"https:\/\/www.fs-sprache-alter-muehlenweg.de\/wordpress\/index.php?rest_route=\/wp\/v2\/pages"}],"about":[{"href":"https:\/\/www.fs-sprache-alter-muehlenweg.de\/wordpress\/index.php?rest_route=\/wp\/v2\/types\/page"}],"author":[{"embeddable":true,"href":"https:\/\/www.fs-sprache-alter-muehlenweg.de\/wordpress\/index.php?rest_route=\/wp\/v2\/users\/9"}],"replies":[{"embeddable":true,"href":"https:\/\/www.fs-sprache-alter-muehlenweg.de\/wordpress\/index.php?rest_route=%2Fwp%2Fv2%2Fcomments&post=161"}],"version-history":[{"count":4,"href":"https:\/\/www.fs-sprache-alter-muehlenweg.de\/wordpress\/index.php?rest_route=\/wp\/v2\/pages\/161\/revisions"}],"predecessor-version":[{"id":234,"href":"https:\/\/www.fs-sprache-alter-muehlenweg.de\/wordpress\/index.php?rest_route=\/wp\/v2\/pages\/161\/revisions\/234"}],"up":[{"embeddable":true,"href":"https:\/\/www.fs-sprache-alter-muehlenweg.de\/wordpress\/index.php?rest_route=\/wp\/v2\/pages\/117"}],"wp:attachment":[{"href":"https:\/\/www.fs-sprache-alter-muehlenweg.de\/wordpress\/index.php?rest_route=%2Fwp%2Fv2%2Fmedia&parent=161"}],"curies":[{"name":"wp","href":"https:\/\/api.w.org\/{rel}","templated":true}]}}