{"id":226,"date":"2015-03-04T13:47:01","date_gmt":"2015-03-04T12:47:01","guid":{"rendered":"http:\/\/www.fs-sprache-alter-muehlenweg.de\/wordpress\/?page_id=226"},"modified":"2023-03-27T13:02:55","modified_gmt":"2023-03-27T11:02:55","slug":"karneval-2015","status":"publish","type":"page","link":"https:\/\/www.fs-sprache-alter-muehlenweg.de\/wordpress\/?page_id=226","title":{"rendered":"Karneval 2023"},"content":{"rendered":"\n<p>Die Gruppe &#8222;Milj\u00f6&#8220; hat den Fr\u00f6schen zu ihrem Karnevalsauftritt  mit &#8222;F\u00f6r 1 Naach&#8220; eine Videobotschaft hinterlassen.<\/p>\n\n\n\n<p>Videobotschaft von der Gruppe &#8222;Milj\u00f6&#8220; (<a href=\"https:\/\/www.fs-sprache-alter-muehlenweg.de\/wordpress\/wp-content\/uploads\/2023\/02\/Miljoevideobotschaft-Froesche.mp4\" data-type=\"URL\" data-id=\"https:\/\/www.fs-sprache-alter-muehlenweg.de\/wordpress\/wp-content\/uploads\/2023\/02\/Miljoevideobotschaft-Froesche.mp4\">bitte hier klicken<\/a>)<\/p>\n\n\n\n<p><\/p>\n\n\n\n<p><\/p>\n\n\n<p>In unserer Schule wird nat\u00fcrlich auch Karneval gefeiert. Traditionell wird immer Weiberfastnacht gefeiert. 2016 gab es die erste Karnevalssitzung an unserer Schule. Alle Kinder waren verkleidet und standen zum Teil selbst auf der B\u00fchne. Das Kinderdreigestirn ist regelm\u00e4\u00dfig bei uns zu Gast. Im Wechsel gibt es eine richtige Karnevalssitzung und oder die ganze Schule verwandelt sich in eine gro\u00dfe Karnevalsparty, d.h. in vielen Klassenr\u00e4umen gibt es Spiel-, Bewegungs- oder Kreativangebote mit viel Musik. Auch in der OGS wird bis in den Nachmittag gefeiert.&nbsp;<\/p>\n\n\n<figure class=\"wp-block-gallery has-nested-images columns-default is-cropped wp-block-gallery-1 is-layout-flex wp-block-gallery-is-layout-flex\">\n<figure class=\"wp-block-image\"><img loading=\"lazy\" decoding=\"async\" width=\"768\" height=\"1024\" data-id=\"941\" src=\"https:\/\/www.fs-sprache-alter-muehlenweg.de\/wordpress\/wp-content\/uploads\/2019\/03\/118c272d-8ff3-4a2f-b13a-f41b51a36e63-768x1024.jpg\" alt=\"\" class=\"wp-image-941\" srcset=\"https:\/\/www.fs-sprache-alter-muehlenweg.de\/wordpress\/wp-content\/uploads\/2019\/03\/118c272d-8ff3-4a2f-b13a-f41b51a36e63-768x1024.jpg 768w, https:\/\/www.fs-sprache-alter-muehlenweg.de\/wordpress\/wp-content\/uploads\/2019\/03\/118c272d-8ff3-4a2f-b13a-f41b51a36e63-225x300.jpg 225w, https:\/\/www.fs-sprache-alter-muehlenweg.de\/wordpress\/wp-content\/uploads\/2019\/03\/118c272d-8ff3-4a2f-b13a-f41b51a36e63.jpg 1200w\" sizes=\"auto, (max-width: 768px) 100vw, 768px\" \/><figcaption class=\"wp-element-caption\">Unser Karnevalsorden <\/figcaption><\/figure>\n\n\n\n<figure class=\"wp-block-image\"><img loading=\"lazy\" decoding=\"async\" width=\"1024\" height=\"768\" data-id=\"944\" src=\"https:\/\/www.fs-sprache-alter-muehlenweg.de\/wordpress\/wp-content\/uploads\/2019\/03\/e95e3406-8c8e-4fac-80a1-bb6ec207f606-1-1024x768.jpg\" alt=\"\" class=\"wp-image-944\" srcset=\"https:\/\/www.fs-sprache-alter-muehlenweg.de\/wordpress\/wp-content\/uploads\/2019\/03\/e95e3406-8c8e-4fac-80a1-bb6ec207f606-1-1024x768.jpg 1024w, https:\/\/www.fs-sprache-alter-muehlenweg.de\/wordpress\/wp-content\/uploads\/2019\/03\/e95e3406-8c8e-4fac-80a1-bb6ec207f606-1-300x225.jpg 300w, https:\/\/www.fs-sprache-alter-muehlenweg.de\/wordpress\/wp-content\/uploads\/2019\/03\/e95e3406-8c8e-4fac-80a1-bb6ec207f606-1-768x576.jpg 768w, https:\/\/www.fs-sprache-alter-muehlenweg.de\/wordpress\/wp-content\/uploads\/2019\/03\/e95e3406-8c8e-4fac-80a1-bb6ec207f606-1.jpg 1600w\" sizes=\"auto, (max-width: 1024px) 100vw, 1024px\" \/><figcaption class=\"wp-element-caption\">Jecke Wiever 2019 <\/figcaption><\/figure>\n<\/figure>\n","protected":false},"excerpt":{"rendered":"<p>Die Gruppe &#8222;Milj\u00f6&#8220; hat den Fr\u00f6schen zu ihrem Karnevalsauftritt mit &#8222;F\u00f6r 1 Naach&#8220; eine Videobotschaft hinterlassen. Videobotschaft von der Gruppe &#8222;Milj\u00f6&#8220; (bitte hier klicken) In unserer Schule wird nat\u00fcrlich auch <a class=\"more-link\" href=\"https:\/\/www.fs-sprache-alter-muehlenweg.de\/wordpress\/?page_id=226\">Continue Reading &rarr;<\/a><\/p>\n","protected":false},"author":2,"featured_media":0,"parent":78,"menu_order":10,"comment_status":"closed","ping_status":"closed","template":"","meta":{"footnotes":""},"class_list":["post-226","page","type-page","status-publish","hentry"],"_links":{"self":[{"href":"https:\/\/www.fs-sprache-alter-muehlenweg.de\/wordpress\/index.php?rest_route=\/wp\/v2\/pages\/226","targetHints":{"allow":["GET"]}}],"collection":[{"href":"https:\/\/www.fs-sprache-alter-muehlenweg.de\/wordpress\/index.php?rest_route=\/wp\/v2\/pages"}],"about":[{"href":"https:\/\/www.fs-sprache-alter-muehlenweg.de\/wordpress\/index.php?rest_route=\/wp\/v2\/types\/page"}],"author":[{"embeddable":true,"href":"https:\/\/www.fs-sprache-alter-muehlenweg.de\/wordpress\/index.php?rest_route=\/wp\/v2\/users\/2"}],"replies":[{"embeddable":true,"href":"https:\/\/www.fs-sprache-alter-muehlenweg.de\/wordpress\/index.php?rest_route=%2Fwp%2Fv2%2Fcomments&post=226"}],"version-history":[{"count":13,"href":"https:\/\/www.fs-sprache-alter-muehlenweg.de\/wordpress\/index.php?rest_route=\/wp\/v2\/pages\/226\/revisions"}],"predecessor-version":[{"id":3002,"href":"https:\/\/www.fs-sprache-alter-muehlenweg.de\/wordpress\/index.php?rest_route=\/wp\/v2\/pages\/226\/revisions\/3002"}],"up":[{"embeddable":true,"href":"https:\/\/www.fs-sprache-alter-muehlenweg.de\/wordpress\/index.php?rest_route=\/wp\/v2\/pages\/78"}],"wp:attachment":[{"href":"https:\/\/www.fs-sprache-alter-muehlenweg.de\/wordpress\/index.php?rest_route=%2Fwp%2Fv2%2Fmedia&parent=226"}],"curies":[{"name":"wp","href":"https:\/\/api.w.org\/{rel}","templated":true}]}}