{"id":228,"date":"2015-03-04T13:48:10","date_gmt":"2015-03-04T12:48:10","guid":{"rendered":"http:\/\/www.fs-sprache-alter-muehlenweg.de\/wordpress\/?page_id=228"},"modified":"2016-06-29T14:43:28","modified_gmt":"2016-06-29T12:43:28","slug":"sponsorenlauf-2015","status":"publish","type":"page","link":"https:\/\/www.fs-sprache-alter-muehlenweg.de\/wordpress\/?page_id=228","title":{"rendered":"Sponsorenlauf"},"content":{"rendered":"<p>In regelm\u00e4\u00dfigen Abst\u00e4nden alle zwei bis drei Jahre veranstaltet die F\u00f6rderschule Sprache einen Sponsorenlauf. Die Sch\u00fclerinnen und Sch\u00fcler und alle Laufbegeisterten (auch die Geschwister oder LehrerInnen) laufen dabei m\u00f6glichst viele\u00a0Runden im nahe gelegenen Park. \u00a0Eine Runde ist ca. 400 Meter lang und daf\u00fcr wird immer flei\u00dfig trainiert. F\u00fcr jede gelaufene Rund zahlt der Sponsor einen Betrag. Mit dem Geld haben wir als Schule immer \u00a0tolle Projekte unterst\u00fctzt.<\/p>\n","protected":false},"excerpt":{"rendered":"<p>In regelm\u00e4\u00dfigen Abst\u00e4nden alle zwei bis drei Jahre veranstaltet die F\u00f6rderschule Sprache einen Sponsorenlauf. Die Sch\u00fclerinnen und Sch\u00fcler und alle Laufbegeisterten (auch die Geschwister oder LehrerInnen) laufen dabei m\u00f6glichst viele\u00a0Runden <a class=\"more-link\" href=\"https:\/\/www.fs-sprache-alter-muehlenweg.de\/wordpress\/?page_id=228\">Continue Reading &rarr;<\/a><\/p>\n","protected":false},"author":2,"featured_media":0,"parent":78,"menu_order":20,"comment_status":"closed","ping_status":"closed","template":"","meta":{"footnotes":""},"class_list":["post-228","page","type-page","status-publish","hentry"],"_links":{"self":[{"href":"https:\/\/www.fs-sprache-alter-muehlenweg.de\/wordpress\/index.php?rest_route=\/wp\/v2\/pages\/228","targetHints":{"allow":["GET"]}}],"collection":[{"href":"https:\/\/www.fs-sprache-alter-muehlenweg.de\/wordpress\/index.php?rest_route=\/wp\/v2\/pages"}],"about":[{"href":"https:\/\/www.fs-sprache-alter-muehlenweg.de\/wordpress\/index.php?rest_route=\/wp\/v2\/types\/page"}],"author":[{"embeddable":true,"href":"https:\/\/www.fs-sprache-alter-muehlenweg.de\/wordpress\/index.php?rest_route=\/wp\/v2\/users\/2"}],"replies":[{"embeddable":true,"href":"https:\/\/www.fs-sprache-alter-muehlenweg.de\/wordpress\/index.php?rest_route=%2Fwp%2Fv2%2Fcomments&post=228"}],"version-history":[{"count":4,"href":"https:\/\/www.fs-sprache-alter-muehlenweg.de\/wordpress\/index.php?rest_route=\/wp\/v2\/pages\/228\/revisions"}],"predecessor-version":[{"id":421,"href":"https:\/\/www.fs-sprache-alter-muehlenweg.de\/wordpress\/index.php?rest_route=\/wp\/v2\/pages\/228\/revisions\/421"}],"up":[{"embeddable":true,"href":"https:\/\/www.fs-sprache-alter-muehlenweg.de\/wordpress\/index.php?rest_route=\/wp\/v2\/pages\/78"}],"wp:attachment":[{"href":"https:\/\/www.fs-sprache-alter-muehlenweg.de\/wordpress\/index.php?rest_route=%2Fwp%2Fv2%2Fmedia&parent=228"}],"curies":[{"name":"wp","href":"https:\/\/api.w.org\/{rel}","templated":true}]}}