{"id":244,"date":"2015-03-18T14:10:02","date_gmt":"2015-03-18T13:10:02","guid":{"rendered":"http:\/\/www.fs-sprache-alter-muehlenweg.de\/wordpress\/?page_id=244"},"modified":"2024-07-01T21:12:36","modified_gmt":"2024-07-01T19:12:36","slug":"fit-und-gesund","status":"publish","type":"page","link":"https:\/\/www.fs-sprache-alter-muehlenweg.de\/wordpress\/?page_id=244","title":{"rendered":"Schulkiosk 2023 und 2024"},"content":{"rendered":"\n<figure class=\"wp-block-gallery has-nested-images columns-default is-cropped wp-block-gallery-1 is-layout-flex wp-block-gallery-is-layout-flex\">\n<figure class=\"wp-block-image size-large\"><a href=\"https:\/\/www.fs-sprache-alter-muehlenweg.de\/wordpress\/wp-content\/uploads\/2024\/07\/Kiosk-Juni-2024.jpg\"><img loading=\"lazy\" decoding=\"async\" width=\"640\" height=\"480\" data-id=\"3754\" src=\"https:\/\/www.fs-sprache-alter-muehlenweg.de\/wordpress\/wp-content\/uploads\/2024\/07\/Kiosk-Juni-2024.jpg\" alt=\"\" class=\"wp-image-3754\" srcset=\"https:\/\/www.fs-sprache-alter-muehlenweg.de\/wordpress\/wp-content\/uploads\/2024\/07\/Kiosk-Juni-2024.jpg 640w, https:\/\/www.fs-sprache-alter-muehlenweg.de\/wordpress\/wp-content\/uploads\/2024\/07\/Kiosk-Juni-2024-300x225.jpg 300w\" sizes=\"auto, (max-width: 640px) 100vw, 640px\" \/><\/a><\/figure>\n\n\n\n<figure class=\"wp-block-image size-large\"><a href=\"https:\/\/www.fs-sprache-alter-muehlenweg.de\/wordpress\/wp-content\/uploads\/2024\/07\/Schuelertext-Kiosk-Juni-2024-scaled.jpg\"><img loading=\"lazy\" decoding=\"async\" width=\"1024\" height=\"999\" data-id=\"3753\" src=\"https:\/\/www.fs-sprache-alter-muehlenweg.de\/wordpress\/wp-content\/uploads\/2024\/07\/Schuelertext-Kiosk-Juni-2024-1024x999.jpg\" alt=\"\" class=\"wp-image-3753\" srcset=\"https:\/\/www.fs-sprache-alter-muehlenweg.de\/wordpress\/wp-content\/uploads\/2024\/07\/Schuelertext-Kiosk-Juni-2024-1024x999.jpg 1024w, https:\/\/www.fs-sprache-alter-muehlenweg.de\/wordpress\/wp-content\/uploads\/2024\/07\/Schuelertext-Kiosk-Juni-2024-300x293.jpg 300w, https:\/\/www.fs-sprache-alter-muehlenweg.de\/wordpress\/wp-content\/uploads\/2024\/07\/Schuelertext-Kiosk-Juni-2024-768x749.jpg 768w, https:\/\/www.fs-sprache-alter-muehlenweg.de\/wordpress\/wp-content\/uploads\/2024\/07\/Schuelertext-Kiosk-Juni-2024-1536x1498.jpg 1536w, https:\/\/www.fs-sprache-alter-muehlenweg.de\/wordpress\/wp-content\/uploads\/2024\/07\/Schuelertext-Kiosk-Juni-2024-2048x1998.jpg 2048w\" sizes=\"auto, (max-width: 1024px) 100vw, 1024px\" \/><\/a><\/figure>\n<\/figure>\n\n\n\n<p>Am 19.9.2024 fand wieder unser Schulkiosk statt. Dieses Mal konnten wir Schreibwaren anbieten. Die Kinder waren sehr gl\u00fccklich. Sie konnten sich f\u00fcr 50 Cent zwei Sachen aussuchen. Das war m\u00f6glich, weil die Eltern der Viertkl\u00e4ssler Kuchen gespendet haben f\u00fcr einen Kuchenkiosk im vergangenen Jahr. Daf\u00fcr danken wir nochmal. Die Viertkl\u00e4ssler haben die Kasse gemacht und den Kindern beim Aussuchen geholfen. Dabei haben sie gelernt, welche S\u00e4tze daf\u00fcr wichtig sind und welchen Unterschied man machen muss, ob die Kinder z.B. aus dem 1. Schuljahr oder aus einem 3. Schuljahr kommen.<\/p>\n\n\n\n<figure class=\"wp-block-gallery has-nested-images columns-default is-cropped wp-block-gallery-2 is-layout-flex wp-block-gallery-is-layout-flex\">\n<figure class=\"wp-block-image size-large\"><a href=\"https:\/\/www.fs-sprache-alter-muehlenweg.de\/wordpress\/wp-content\/uploads\/2023\/04\/1E6983F8-9B95-4FE2-926B-D033D6FAE361.jpeg\"><img loading=\"lazy\" decoding=\"async\" width=\"1024\" height=\"768\" data-id=\"3094\" src=\"https:\/\/www.fs-sprache-alter-muehlenweg.de\/wordpress\/wp-content\/uploads\/2023\/04\/1E6983F8-9B95-4FE2-926B-D033D6FAE361-1024x768.jpeg\" alt=\"\" class=\"wp-image-3094\" srcset=\"https:\/\/www.fs-sprache-alter-muehlenweg.de\/wordpress\/wp-content\/uploads\/2023\/04\/1E6983F8-9B95-4FE2-926B-D033D6FAE361-1024x768.jpeg 1024w, https:\/\/www.fs-sprache-alter-muehlenweg.de\/wordpress\/wp-content\/uploads\/2023\/04\/1E6983F8-9B95-4FE2-926B-D033D6FAE361-300x225.jpeg 300w, https:\/\/www.fs-sprache-alter-muehlenweg.de\/wordpress\/wp-content\/uploads\/2023\/04\/1E6983F8-9B95-4FE2-926B-D033D6FAE361-768x576.jpeg 768w, https:\/\/www.fs-sprache-alter-muehlenweg.de\/wordpress\/wp-content\/uploads\/2023\/04\/1E6983F8-9B95-4FE2-926B-D033D6FAE361-1536x1152.jpeg 1536w, https:\/\/www.fs-sprache-alter-muehlenweg.de\/wordpress\/wp-content\/uploads\/2023\/04\/1E6983F8-9B95-4FE2-926B-D033D6FAE361.jpeg 2016w\" sizes=\"auto, (max-width: 1024px) 100vw, 1024px\" \/><\/a><\/figure>\n\n\n\n<figure class=\"wp-block-image size-large\"><a href=\"https:\/\/www.fs-sprache-alter-muehlenweg.de\/wordpress\/wp-content\/uploads\/2023\/04\/01D25356-2F1B-42D9-9F62-07E5ED15974A.jpeg\"><img loading=\"lazy\" decoding=\"async\" width=\"1024\" height=\"576\" data-id=\"3093\" src=\"https:\/\/www.fs-sprache-alter-muehlenweg.de\/wordpress\/wp-content\/uploads\/2023\/04\/01D25356-2F1B-42D9-9F62-07E5ED15974A-1024x576.jpeg\" alt=\"\" class=\"wp-image-3093\" srcset=\"https:\/\/www.fs-sprache-alter-muehlenweg.de\/wordpress\/wp-content\/uploads\/2023\/04\/01D25356-2F1B-42D9-9F62-07E5ED15974A-1024x576.jpeg 1024w, https:\/\/www.fs-sprache-alter-muehlenweg.de\/wordpress\/wp-content\/uploads\/2023\/04\/01D25356-2F1B-42D9-9F62-07E5ED15974A-300x169.jpeg 300w, https:\/\/www.fs-sprache-alter-muehlenweg.de\/wordpress\/wp-content\/uploads\/2023\/04\/01D25356-2F1B-42D9-9F62-07E5ED15974A-768x432.jpeg 768w, https:\/\/www.fs-sprache-alter-muehlenweg.de\/wordpress\/wp-content\/uploads\/2023\/04\/01D25356-2F1B-42D9-9F62-07E5ED15974A-1536x864.jpeg 1536w, https:\/\/www.fs-sprache-alter-muehlenweg.de\/wordpress\/wp-content\/uploads\/2023\/04\/01D25356-2F1B-42D9-9F62-07E5ED15974A.jpeg 1920w\" sizes=\"auto, (max-width: 1024px) 100vw, 1024px\" \/><\/a><\/figure>\n<\/figure>\n\n\n\n<p><strong>Die hei\u00df ersehnte Vielfalt &#8211; ein kleiner Ausblick auf den 2. Schulkiosk, der am 10.5.2023 mit s\u00fc\u00dfen T\u00fcten stattfinden wird. <\/strong><\/p>\n\n\n\n<figure class=\"wp-block-gallery has-nested-images columns-default is-cropped wp-block-gallery-3 is-layout-flex wp-block-gallery-is-layout-flex\">\n<figure class=\"wp-block-image size-large\"><a href=\"https:\/\/www.fs-sprache-alter-muehlenweg.de\/wordpress\/wp-content\/uploads\/2023\/04\/Kiosk-09.jpg\"><img loading=\"lazy\" decoding=\"async\" width=\"640\" height=\"480\" data-id=\"3032\" src=\"https:\/\/www.fs-sprache-alter-muehlenweg.de\/wordpress\/wp-content\/uploads\/2023\/04\/Kiosk-09.jpg\" alt=\"\" class=\"wp-image-3032\" srcset=\"https:\/\/www.fs-sprache-alter-muehlenweg.de\/wordpress\/wp-content\/uploads\/2023\/04\/Kiosk-09.jpg 640w, https:\/\/www.fs-sprache-alter-muehlenweg.de\/wordpress\/wp-content\/uploads\/2023\/04\/Kiosk-09-300x225.jpg 300w\" sizes=\"auto, (max-width: 640px) 100vw, 640px\" \/><\/a><\/figure>\n\n\n\n<figure class=\"wp-block-image size-large\"><a href=\"https:\/\/www.fs-sprache-alter-muehlenweg.de\/wordpress\/wp-content\/uploads\/2023\/04\/Kiosk-03-1-scaled.jpg\"><img loading=\"lazy\" decoding=\"async\" width=\"1024\" height=\"768\" data-id=\"3031\" src=\"https:\/\/www.fs-sprache-alter-muehlenweg.de\/wordpress\/wp-content\/uploads\/2023\/04\/Kiosk-03-1-1024x768.jpg\" alt=\"\" class=\"wp-image-3031\" srcset=\"https:\/\/www.fs-sprache-alter-muehlenweg.de\/wordpress\/wp-content\/uploads\/2023\/04\/Kiosk-03-1-1024x768.jpg 1024w, https:\/\/www.fs-sprache-alter-muehlenweg.de\/wordpress\/wp-content\/uploads\/2023\/04\/Kiosk-03-1-300x225.jpg 300w, https:\/\/www.fs-sprache-alter-muehlenweg.de\/wordpress\/wp-content\/uploads\/2023\/04\/Kiosk-03-1-768x576.jpg 768w, https:\/\/www.fs-sprache-alter-muehlenweg.de\/wordpress\/wp-content\/uploads\/2023\/04\/Kiosk-03-1-1536x1152.jpg 1536w, https:\/\/www.fs-sprache-alter-muehlenweg.de\/wordpress\/wp-content\/uploads\/2023\/04\/Kiosk-03-1-2048x1536.jpg 2048w\" sizes=\"auto, (max-width: 1024px) 100vw, 1024px\" \/><\/a><\/figure>\n\n\n\n<figure class=\"wp-block-image size-large\"><a href=\"https:\/\/www.fs-sprache-alter-muehlenweg.de\/wordpress\/wp-content\/uploads\/2023\/04\/Kiosk-05.jpg\"><img loading=\"lazy\" decoding=\"async\" width=\"1024\" height=\"768\" data-id=\"3025\" src=\"https:\/\/www.fs-sprache-alter-muehlenweg.de\/wordpress\/wp-content\/uploads\/2023\/04\/Kiosk-05-1024x768.jpg\" alt=\"\" class=\"wp-image-3025\" srcset=\"https:\/\/www.fs-sprache-alter-muehlenweg.de\/wordpress\/wp-content\/uploads\/2023\/04\/Kiosk-05-1024x768.jpg 1024w, https:\/\/www.fs-sprache-alter-muehlenweg.de\/wordpress\/wp-content\/uploads\/2023\/04\/Kiosk-05-300x225.jpg 300w, https:\/\/www.fs-sprache-alter-muehlenweg.de\/wordpress\/wp-content\/uploads\/2023\/04\/Kiosk-05-768x576.jpg 768w, https:\/\/www.fs-sprache-alter-muehlenweg.de\/wordpress\/wp-content\/uploads\/2023\/04\/Kiosk-05-1536x1152.jpg 1536w, https:\/\/www.fs-sprache-alter-muehlenweg.de\/wordpress\/wp-content\/uploads\/2023\/04\/Kiosk-05.jpg 1920w\" sizes=\"auto, (max-width: 1024px) 100vw, 1024px\" \/><\/a><\/figure>\n\n\n\n<figure class=\"wp-block-image size-large\"><a href=\"https:\/\/www.fs-sprache-alter-muehlenweg.de\/wordpress\/wp-content\/uploads\/2023\/04\/Kiosk-04-1-scaled.jpg\"><img loading=\"lazy\" decoding=\"async\" width=\"1024\" height=\"768\" data-id=\"3035\" src=\"https:\/\/www.fs-sprache-alter-muehlenweg.de\/wordpress\/wp-content\/uploads\/2023\/04\/Kiosk-04-1-1024x768.jpg\" alt=\"\" class=\"wp-image-3035\" srcset=\"https:\/\/www.fs-sprache-alter-muehlenweg.de\/wordpress\/wp-content\/uploads\/2023\/04\/Kiosk-04-1-1024x768.jpg 1024w, https:\/\/www.fs-sprache-alter-muehlenweg.de\/wordpress\/wp-content\/uploads\/2023\/04\/Kiosk-04-1-300x225.jpg 300w, https:\/\/www.fs-sprache-alter-muehlenweg.de\/wordpress\/wp-content\/uploads\/2023\/04\/Kiosk-04-1-768x576.jpg 768w, https:\/\/www.fs-sprache-alter-muehlenweg.de\/wordpress\/wp-content\/uploads\/2023\/04\/Kiosk-04-1-1536x1152.jpg 1536w, https:\/\/www.fs-sprache-alter-muehlenweg.de\/wordpress\/wp-content\/uploads\/2023\/04\/Kiosk-04-1-2048x1536.jpg 2048w\" sizes=\"auto, (max-width: 1024px) 100vw, 1024px\" \/><\/a><\/figure>\n\n\n\n<figure class=\"wp-block-image size-large\"><a href=\"https:\/\/www.fs-sprache-alter-muehlenweg.de\/wordpress\/wp-content\/uploads\/2023\/04\/Kiosk-06-1-scaled.jpg\"><img loading=\"lazy\" decoding=\"async\" width=\"597\" height=\"1024\" data-id=\"3024\" src=\"https:\/\/www.fs-sprache-alter-muehlenweg.de\/wordpress\/wp-content\/uploads\/2023\/04\/Kiosk-06-1-597x1024.jpg\" alt=\"\" class=\"wp-image-3024\" srcset=\"https:\/\/www.fs-sprache-alter-muehlenweg.de\/wordpress\/wp-content\/uploads\/2023\/04\/Kiosk-06-1-597x1024.jpg 597w, https:\/\/www.fs-sprache-alter-muehlenweg.de\/wordpress\/wp-content\/uploads\/2023\/04\/Kiosk-06-1-175x300.jpg 175w, https:\/\/www.fs-sprache-alter-muehlenweg.de\/wordpress\/wp-content\/uploads\/2023\/04\/Kiosk-06-1-768x1318.jpg 768w, https:\/\/www.fs-sprache-alter-muehlenweg.de\/wordpress\/wp-content\/uploads\/2023\/04\/Kiosk-06-1-895x1536.jpg 895w, https:\/\/www.fs-sprache-alter-muehlenweg.de\/wordpress\/wp-content\/uploads\/2023\/04\/Kiosk-06-1-1193x2048.jpg 1193w, https:\/\/www.fs-sprache-alter-muehlenweg.de\/wordpress\/wp-content\/uploads\/2023\/04\/Kiosk-06-1-scaled.jpg 1491w\" sizes=\"auto, (max-width: 597px) 100vw, 597px\" \/><\/a><\/figure>\n\n\n\n<figure class=\"wp-block-image size-large\"><a href=\"https:\/\/www.fs-sprache-alter-muehlenweg.de\/wordpress\/wp-content\/uploads\/2023\/04\/Kiosk-10-1-scaled.jpg\"><img loading=\"lazy\" decoding=\"async\" width=\"1024\" height=\"586\" data-id=\"3023\" src=\"https:\/\/www.fs-sprache-alter-muehlenweg.de\/wordpress\/wp-content\/uploads\/2023\/04\/Kiosk-10-1-1024x586.jpg\" alt=\"\" class=\"wp-image-3023\" srcset=\"https:\/\/www.fs-sprache-alter-muehlenweg.de\/wordpress\/wp-content\/uploads\/2023\/04\/Kiosk-10-1-1024x586.jpg 1024w, https:\/\/www.fs-sprache-alter-muehlenweg.de\/wordpress\/wp-content\/uploads\/2023\/04\/Kiosk-10-1-300x172.jpg 300w, https:\/\/www.fs-sprache-alter-muehlenweg.de\/wordpress\/wp-content\/uploads\/2023\/04\/Kiosk-10-1-768x440.jpg 768w, https:\/\/www.fs-sprache-alter-muehlenweg.de\/wordpress\/wp-content\/uploads\/2023\/04\/Kiosk-10-1-1536x879.jpg 1536w, https:\/\/www.fs-sprache-alter-muehlenweg.de\/wordpress\/wp-content\/uploads\/2023\/04\/Kiosk-10-1-2048x1172.jpg 2048w\" sizes=\"auto, (max-width: 1024px) 100vw, 1024px\" \/><\/a><\/figure>\n\n\n\n<figure class=\"wp-block-image size-large\"><a href=\"https:\/\/www.fs-sprache-alter-muehlenweg.de\/wordpress\/wp-content\/uploads\/2023\/04\/Kiosk-01-1-scaled.jpg\"><img loading=\"lazy\" decoding=\"async\" width=\"1024\" height=\"510\" data-id=\"3021\" src=\"https:\/\/www.fs-sprache-alter-muehlenweg.de\/wordpress\/wp-content\/uploads\/2023\/04\/Kiosk-01-1-1024x510.jpg\" alt=\"\" class=\"wp-image-3021\" srcset=\"https:\/\/www.fs-sprache-alter-muehlenweg.de\/wordpress\/wp-content\/uploads\/2023\/04\/Kiosk-01-1-1024x510.jpg 1024w, https:\/\/www.fs-sprache-alter-muehlenweg.de\/wordpress\/wp-content\/uploads\/2023\/04\/Kiosk-01-1-300x149.jpg 300w, https:\/\/www.fs-sprache-alter-muehlenweg.de\/wordpress\/wp-content\/uploads\/2023\/04\/Kiosk-01-1-768x383.jpg 768w, https:\/\/www.fs-sprache-alter-muehlenweg.de\/wordpress\/wp-content\/uploads\/2023\/04\/Kiosk-01-1-1536x765.jpg 1536w, https:\/\/www.fs-sprache-alter-muehlenweg.de\/wordpress\/wp-content\/uploads\/2023\/04\/Kiosk-01-1-2048x1020.jpg 2048w\" sizes=\"auto, (max-width: 1024px) 100vw, 1024px\" \/><\/a><\/figure>\n\n\n\n<figure class=\"wp-block-image size-large\"><a href=\"https:\/\/www.fs-sprache-alter-muehlenweg.de\/wordpress\/wp-content\/uploads\/2023\/04\/Kiosk-08-1.jpg\"><img loading=\"lazy\" decoding=\"async\" width=\"640\" height=\"480\" data-id=\"3022\" src=\"https:\/\/www.fs-sprache-alter-muehlenweg.de\/wordpress\/wp-content\/uploads\/2023\/04\/Kiosk-08-1.jpg\" alt=\"\" class=\"wp-image-3022\" srcset=\"https:\/\/www.fs-sprache-alter-muehlenweg.de\/wordpress\/wp-content\/uploads\/2023\/04\/Kiosk-08-1.jpg 640w, https:\/\/www.fs-sprache-alter-muehlenweg.de\/wordpress\/wp-content\/uploads\/2023\/04\/Kiosk-08-1-300x225.jpg 300w\" sizes=\"auto, (max-width: 640px) 100vw, 640px\" \/><\/a><\/figure>\n\n\n\n<figure class=\"wp-block-image size-large\"><a href=\"https:\/\/www.fs-sprache-alter-muehlenweg.de\/wordpress\/wp-content\/uploads\/2023\/04\/Kiosk-02-scaled.jpg\"><img loading=\"lazy\" decoding=\"async\" width=\"1024\" height=\"768\" data-id=\"3020\" src=\"https:\/\/www.fs-sprache-alter-muehlenweg.de\/wordpress\/wp-content\/uploads\/2023\/04\/Kiosk-02-1024x768.jpg\" alt=\"\" class=\"wp-image-3020\" srcset=\"https:\/\/www.fs-sprache-alter-muehlenweg.de\/wordpress\/wp-content\/uploads\/2023\/04\/Kiosk-02-1024x768.jpg 1024w, https:\/\/www.fs-sprache-alter-muehlenweg.de\/wordpress\/wp-content\/uploads\/2023\/04\/Kiosk-02-300x225.jpg 300w, https:\/\/www.fs-sprache-alter-muehlenweg.de\/wordpress\/wp-content\/uploads\/2023\/04\/Kiosk-02-768x576.jpg 768w, https:\/\/www.fs-sprache-alter-muehlenweg.de\/wordpress\/wp-content\/uploads\/2023\/04\/Kiosk-02-1536x1152.jpg 1536w, https:\/\/www.fs-sprache-alter-muehlenweg.de\/wordpress\/wp-content\/uploads\/2023\/04\/Kiosk-02-2048x1536.jpg 2048w\" sizes=\"auto, (max-width: 1024px) 100vw, 1024px\" \/><\/a><\/figure>\n\n\n\n<figure class=\"wp-block-image size-large\"><a href=\"https:\/\/www.fs-sprache-alter-muehlenweg.de\/wordpress\/wp-content\/uploads\/2023\/03\/Kiosk-11-1-scaled.jpg\"><img loading=\"lazy\" decoding=\"async\" width=\"1024\" height=\"768\" data-id=\"2990\" src=\"https:\/\/www.fs-sprache-alter-muehlenweg.de\/wordpress\/wp-content\/uploads\/2023\/03\/Kiosk-11-1-1024x768.jpg\" alt=\"\" class=\"wp-image-2990\" srcset=\"https:\/\/www.fs-sprache-alter-muehlenweg.de\/wordpress\/wp-content\/uploads\/2023\/03\/Kiosk-11-1-1024x768.jpg 1024w, https:\/\/www.fs-sprache-alter-muehlenweg.de\/wordpress\/wp-content\/uploads\/2023\/03\/Kiosk-11-1-300x225.jpg 300w, https:\/\/www.fs-sprache-alter-muehlenweg.de\/wordpress\/wp-content\/uploads\/2023\/03\/Kiosk-11-1-768x576.jpg 768w, https:\/\/www.fs-sprache-alter-muehlenweg.de\/wordpress\/wp-content\/uploads\/2023\/03\/Kiosk-11-1-1536x1152.jpg 1536w, https:\/\/www.fs-sprache-alter-muehlenweg.de\/wordpress\/wp-content\/uploads\/2023\/03\/Kiosk-11-1-2048x1536.jpg 2048w\" sizes=\"auto, (max-width: 1024px) 100vw, 1024px\" \/><\/a><\/figure>\n<\/figure>\n\n\n\n<p>Sch\u00fclertexte zum 1. Schulkiosk (<a href=\"https:\/\/www.fs-sprache-alter-muehlenweg.de\/wordpress\/wp-content\/uploads\/2023\/03\/Texte-Kuchenschulkiosk-2.pdf\">bitte hier klicken<\/a>)<\/p>\n","protected":false},"excerpt":{"rendered":"<p>Am 19.9.2024 fand wieder unser Schulkiosk statt. Dieses Mal konnten wir Schreibwaren anbieten. Die Kinder waren sehr gl\u00fccklich. Sie konnten sich f\u00fcr 50 Cent zwei Sachen aussuchen. Das war m\u00f6glich, <a class=\"more-link\" href=\"https:\/\/www.fs-sprache-alter-muehlenweg.de\/wordpress\/?page_id=244\">Continue Reading &rarr;<\/a><\/p>\n","protected":false},"author":9,"featured_media":0,"parent":72,"menu_order":10,"comment_status":"closed","ping_status":"closed","template":"","meta":{"footnotes":""},"class_list":["post-244","page","type-page","status-publish","hentry"],"_links":{"self":[{"href":"https:\/\/www.fs-sprache-alter-muehlenweg.de\/wordpress\/index.php?rest_route=\/wp\/v2\/pages\/244","targetHints":{"allow":["GET"]}}],"collection":[{"href":"https:\/\/www.fs-sprache-alter-muehlenweg.de\/wordpress\/index.php?rest_route=\/wp\/v2\/pages"}],"about":[{"href":"https:\/\/www.fs-sprache-alter-muehlenweg.de\/wordpress\/index.php?rest_route=\/wp\/v2\/types\/page"}],"author":[{"embeddable":true,"href":"https:\/\/www.fs-sprache-alter-muehlenweg.de\/wordpress\/index.php?rest_route=\/wp\/v2\/users\/9"}],"replies":[{"embeddable":true,"href":"https:\/\/www.fs-sprache-alter-muehlenweg.de\/wordpress\/index.php?rest_route=%2Fwp%2Fv2%2Fcomments&post=244"}],"version-history":[{"count":21,"href":"https:\/\/www.fs-sprache-alter-muehlenweg.de\/wordpress\/index.php?rest_route=\/wp\/v2\/pages\/244\/revisions"}],"predecessor-version":[{"id":3759,"href":"https:\/\/www.fs-sprache-alter-muehlenweg.de\/wordpress\/index.php?rest_route=\/wp\/v2\/pages\/244\/revisions\/3759"}],"up":[{"embeddable":true,"href":"https:\/\/www.fs-sprache-alter-muehlenweg.de\/wordpress\/index.php?rest_route=\/wp\/v2\/pages\/72"}],"wp:attachment":[{"href":"https:\/\/www.fs-sprache-alter-muehlenweg.de\/wordpress\/index.php?rest_route=%2Fwp%2Fv2%2Fmedia&parent=244"}],"curies":[{"name":"wp","href":"https:\/\/api.w.org\/{rel}","templated":true}]}}