{"id":287,"date":"2015-03-22T17:05:31","date_gmt":"2015-03-22T16:05:31","guid":{"rendered":"http:\/\/www.fs-sprache-alter-muehlenweg.de\/wordpress\/?page_id=287"},"modified":"2025-08-03T00:40:18","modified_gmt":"2025-08-02T22:40:18","slug":"unser-schulsong","status":"publish","type":"page","link":"https:\/\/www.fs-sprache-alter-muehlenweg.de\/wordpress\/?page_id=287","title":{"rendered":"Unser Schulsong"},"content":{"rendered":"<p>Zum Umzug in den Schulneubau 2009 komponierte, textete und arrangierte unser Kollege und Musiklehrer Friedhelm Schorn unseren Schulsong :<\/p>\n<p>&#8222;Miteinander sprechen &#8211; miteinander lernen&#8220;<\/p>\n<audio class=\"wp-audio-shortcode\" id=\"audio-287-1\" preload=\"none\" style=\"width: 100%;\" controls=\"controls\"><source type=\"audio\/mpeg\" src=\"https:\/\/www.fs-sprache-alter-muehlenweg.de\/wordpress\/wp-content\/uploads\/2015\/03\/Miteinander_sprechen_F_Schorn.mp3?_=1\" \/><a href=\"https:\/\/www.fs-sprache-alter-muehlenweg.de\/wordpress\/wp-content\/uploads\/2015\/03\/Miteinander_sprechen_F_Schorn.mp3\">https:\/\/www.fs-sprache-alter-muehlenweg.de\/wordpress\/wp-content\/uploads\/2015\/03\/Miteinander_sprechen_F_Schorn.mp3<\/a><\/audio>\n\n\n<p><\/p>\n\n\n\n<p><\/p>\n\n\n\n<h2 class=\"wp-block-heading alignwide\" id=\"we-re-a-studio-in-berlin-with-an-international-practice-in-architecture-urban-planning-and-interior-design-we-believe-in-sharing-knowledge-and-promoting-dialogue-to-increase-the-creative-potential-of-collaboration\" style=\"font-size:17px;line-height:1.1\">Unsere Schul-CD &#8211; &#8222;Der Kastanienbaum auf&#8230;&#8220; (Vol. 2)<\/h2>\n\n\n\n<p>Auf der CD befinden sich 6 selbstkomponierte Songs rund um das Schulleben.<br>Das Cover der CD wurde 2016 im Rahmen eines Malwettbewerbs von einer Sch\u00fclerin gestaltet.<\/p>\n\n\n\n<p>Track 1:<strong> Schulsong<\/strong><\/p>\n\n\n\n<p>Das Projekt &#8222;Schulsong&#8220; konnte mit namhaften professionellen Musikern verwirklicht werden. Ein herzliche Dank gilt allen Beteiligten, auch denen im Hintergrund, die ehrenamtlich dieses Projekt unterst\u00fctzt haben.<\/p>\n\n\n\n<p>Track 2: <strong>Der Kastanienbaum<\/strong><\/p>\n\n\n\n<p>Dieses Lied handelt von dem Kastanienbaum, der auf unserem Schulhof steht. Chor und Solisten: Sch\u00fclerinnen und Sch\u00fcler der Pinguin- und Fr\u00f6scheklasse.<\/p>\n\n\n\n<p>Track 3:<strong> In unserer Raumstation<\/strong><\/p>\n\n\n\n<p>Dieses Lied entstand zum 5 j\u00e4hrigen Bestehen unserer OGS &#8222;Raumstation Kopernikus&#8220;. Den Namen erhielt die OGS bei ihrer Gr\u00fcndung am alten Standort in der Kopernikusstra\u00dfe.<\/p>\n\n\n\n<p>Track 4: <strong>Mer sin P\u00e4nz &#8230; he us K\u00f6lle<\/strong><\/p>\n\n\n\n<p>Vocals: Sch\u00fclerinnen und Sch\u00fcler der Schule und Friedhelm Schorn<\/p>\n\n\n\n<p>Dieses Lied auf K\u00f6lsch wurde bereits 2004 mit Sch\u00fclerinnen und Sch\u00fclern aufgenommen und produziert.<\/p>\n\n\n\n<p>Track 5: <strong>Kum ston op<\/strong><\/p>\n\n\n\n<p>Vocals: Sch\u00fclerinnen und Sch\u00fcler der Schule und Friedhelm Schorn<\/p>\n\n\n\n<p>Das Lied ist auch auf K\u00f6lsch.<\/p>\n\n\n\n<p>Track 6: <strong>Die Welt ist zu Gast &#8230;<\/strong><\/p>\n\n\n\n<p>Vocals: Sch\u00fclerinnen und Sch\u00fcler der Schule und Friedhelm Schorn<\/p>\n\n\n\n<p>Das war unser Beitrag zum Sommerm\u00e4rchen 2006!!!<\/p>\n\n\n\n<p>Mit diesem Lied und dem dazugeh\u00f6rigen Video geh\u00f6rte unserer Schule im internationalen Wettbewerb der FiFA zu den Gewinnergruppen. Wir gewannen eine Reise nach Berlin mit Auftritten vor dem Olympiastadion.<\/p>\n\n\n\n<p>Die Lieder der CD werden immer wieder im Rahmen von Schulfeiern, jahreszeitlichen Feiern und in den Klassen gesungen.<\/p>\n","protected":false},"excerpt":{"rendered":"<p>Zum Umzug in den Schulneubau 2009 komponierte, textete und arrangierte unser Kollege und Musiklehrer Friedhelm Schorn unseren Schulsong : &#8222;Miteinander sprechen &#8211; miteinander lernen&#8220; Unsere Schul-CD &#8211; &#8222;Der Kastanienbaum auf&#8230;&#8220; <a class=\"more-link\" href=\"https:\/\/www.fs-sprache-alter-muehlenweg.de\/wordpress\/?page_id=287\">Continue Reading &rarr;<\/a><\/p>\n","protected":false},"author":9,"featured_media":0,"parent":8,"menu_order":5,"comment_status":"closed","ping_status":"closed","template":"","meta":{"footnotes":""},"class_list":["post-287","page","type-page","status-publish","hentry"],"_links":{"self":[{"href":"https:\/\/www.fs-sprache-alter-muehlenweg.de\/wordpress\/index.php?rest_route=\/wp\/v2\/pages\/287","targetHints":{"allow":["GET"]}}],"collection":[{"href":"https:\/\/www.fs-sprache-alter-muehlenweg.de\/wordpress\/index.php?rest_route=\/wp\/v2\/pages"}],"about":[{"href":"https:\/\/www.fs-sprache-alter-muehlenweg.de\/wordpress\/index.php?rest_route=\/wp\/v2\/types\/page"}],"author":[{"embeddable":true,"href":"https:\/\/www.fs-sprache-alter-muehlenweg.de\/wordpress\/index.php?rest_route=\/wp\/v2\/users\/9"}],"replies":[{"embeddable":true,"href":"https:\/\/www.fs-sprache-alter-muehlenweg.de\/wordpress\/index.php?rest_route=%2Fwp%2Fv2%2Fcomments&post=287"}],"version-history":[{"count":10,"href":"https:\/\/www.fs-sprache-alter-muehlenweg.de\/wordpress\/index.php?rest_route=\/wp\/v2\/pages\/287\/revisions"}],"predecessor-version":[{"id":4148,"href":"https:\/\/www.fs-sprache-alter-muehlenweg.de\/wordpress\/index.php?rest_route=\/wp\/v2\/pages\/287\/revisions\/4148"}],"up":[{"embeddable":true,"href":"https:\/\/www.fs-sprache-alter-muehlenweg.de\/wordpress\/index.php?rest_route=\/wp\/v2\/pages\/8"}],"wp:attachment":[{"href":"https:\/\/www.fs-sprache-alter-muehlenweg.de\/wordpress\/index.php?rest_route=%2Fwp%2Fv2%2Fmedia&parent=287"}],"curies":[{"name":"wp","href":"https:\/\/api.w.org\/{rel}","templated":true}]}}