{"id":298,"date":"2015-04-15T14:52:06","date_gmt":"2015-04-15T12:52:06","guid":{"rendered":"http:\/\/www.fs-sprache-alter-muehlenweg.de\/wordpress\/?page_id=298"},"modified":"2015-05-20T20:29:39","modified_gmt":"2015-05-20T18:29:39","slug":"unsere-schule","status":"publish","type":"page","link":"https:\/\/www.fs-sprache-alter-muehlenweg.de\/wordpress\/?page_id=298","title":{"rendered":"Unsere Schule"},"content":{"rendered":"<ul>\n<li><span style=\"font-family: Arial,serif;\"><span style=\"font-size: medium;\">ist eine st\u00e4dtische F\u00f6rderschule im <\/span><\/span><span style=\"font-family: Arial,serif;\"><span style=\"font-size: medium;\"><span style=\"text-decoration: underline;\">Primarstufenbereich<\/span><\/span><\/span><span style=\"font-family: Arial,serif;\"><span style=\"font-size: medium;\"> in Tr\u00e4gerschaft der Stadt K\u00f6ln<\/span><\/span><\/li>\n<li><span style=\"font-family: Arial,serif;\"><span style=\"font-size: medium;\">ist als F\u00f6rderschule der einzige schulische Standort mit dem F\u00f6rderschwerpunkt Sprache\/Primarstufe im gesamten rechtsrheinischen Stadtgebiet von K\u00f6ln. Alle Kinder, die in den rechtsrheinischen Stadtbezirken wohnen, k\u00f6nnen \u2013 sofern sie einen sonderp\u00e4dagogischen F\u00f6rderbedarf in Sprache haben -, die Schule besuchen.<\/span><\/span><\/li>\n<\/ul>\n<p><span style=\"font-family: Arial,serif;\"><span style=\"font-size: medium;\">Das rechtsrheinische Stadtgebiet umfasst folgende <\/span><\/span><span style=\"font-family: Arial,serif;\"><span style=\"font-size: medium;\"><span style=\"text-decoration: underline;\">Stadtbezirke<\/span><\/span><\/span><span style=\"font-family: Arial,serif;\"><span style=\"font-size: medium;\"> und Stadtteile:<\/span><\/span><\/p>\n<ul>\n<li><span style=\"font-family: Arial,serif;\"><span style=\"font-size: medium;\"><span style=\"text-decoration: underline;\">M\u00fclheim<\/span><\/span><\/span><span style=\"font-family: Arial,serif;\"><span style=\"font-size: medium;\"> (Stadtteile: Buchforst, Buchheim, Dellbr\u00fcck, Flittard, H\u00f6henhaus, Holweide, M\u00fclheim, Stammheim) <\/span><\/span><\/li>\n<li><span style=\"font-family: Arial,serif;\"><span style=\"font-size: medium;\"><span style=\"text-decoration: underline;\">Kalk<\/span><\/span><\/span><span style=\"font-family: Arial,serif;\"><span style=\"font-size: medium;\"> (Stadtteile: Deutz, Br\u00fcck, H\u00f6henberg, Humboldt\/Gremberg, Kalk, Merheim, Neubr\u00fcck, ostheim, Rath\/Heumar, Vingst)<\/span><\/span><\/li>\n<li><span style=\"font-family: Arial,serif;\"><span style=\"font-size: medium;\"><span style=\"text-decoration: underline;\">Porz<\/span><\/span><\/span><span style=\"font-family: Arial,serif;\"><span style=\"font-size: medium;\"> (Stadtteile: Eil, Elsdorf, Ensen, Gremberghoven, Grengel, Langel, Libur, Lind, Poll, Porz, Urbach, Wahn, Wahnheide, Westhoven, Z\u00fcndorf)<\/span><\/span><\/li>\n<\/ul>\n<ul>\n<li><span style=\"font-family: Arial,serif;\"><span style=\"font-size: medium;\">f\u00f6rdert Kinder, die einen sonderp\u00e4dagogischen F\u00f6rderbedarf im F\u00f6rderschwerpunkt Sprache haben und deren Eltern eine Beschulung an einer F\u00f6rderschule w\u00fcnschen<\/span><\/span><\/li>\n<li><span style=\"font-family: Arial,serif;\"><span style=\"font-size: medium;\">arbeitet nach den Richtlinien der allgemeinen Grundschule und zus\u00e4tzlich nach den rechtlichen Bestimmungen f\u00fcr den Bildungsgang Lernen<\/span><\/span><\/li>\n<li><span style=\"font-family: Arial,serif;\"><span style=\"font-size: medium;\">hat als Ziel, die Kinder bestm\u00f6glich zu f\u00f6rdern und wieder in die allgemeine Schule zur\u00fcck zu schulen (\u201eDurchgangsschule\u201c)<\/span><\/span><\/li>\n<li><span style=\"font-family: Arial,serif;\"><span style=\"font-size: medium;\">bietet zurzeit \u00fcber 200 Sch\u00fclerinnen und Sch\u00fclern in insgesamt 17 Klassen den Raum f\u00fcr individualisiertes Lernen und individuelle sonderp\u00e4dagogische F\u00f6rderung<\/span><\/span><\/li>\n<li><span style=\"font-family: Arial,serif;\"><span style=\"font-size: medium;\">bietet mit zurzeit maximal 14 Kindern pro Klasse optimale Voraussetzungen f\u00fcr F\u00f6rderprozesse und individualisiertes Lernen und Arbeiten<\/span><\/span><\/li>\n<li><span style=\"font-family: Arial,serif;\"><span style=\"font-size: medium;\">arbeitet jahrgangsgebunden und ist dennoch durchl\u00e4ssig im System<\/span><\/span><\/li>\n<li><span style=\"font-family: Arial,serif;\"><span style=\"font-size: medium;\">bietet 120 Pl\u00e4tze im Offenen Ganztag (Tr\u00e4ger: Netzwerk)<\/span><\/span><\/li>\n<li><span style=\"font-family: Arial,serif;\"><span style=\"font-size: medium;\">ist Arbeitsraum f\u00fcr \u00fcber 35 Kolleginnen und Kollegen, 14 festangestellte Mitarbeiterinnen und Mitarbeitern in der OGTS (Offene Ganztagsschule) sowie weitere Honorarkr\u00e4fte, 1 Schulsozialarbeiterin, 1 Schulsekret\u00e4rin, 1 Hausmeister<\/span><\/span><\/li>\n<\/ul>\n<p><span style=\"color: #444444;\"><span style=\"font-family: Arial,serif;\"><span style=\"font-size: medium;\">Unser p\u00e4dagogisches Anliegen ist es, die Kinder zu st\u00e4rken und Entwicklungsr\u00fcckst\u00e4nde aufzuarbeiten. In der Regel ben\u00f6tigen die Sch\u00fclerinnen und Sch\u00fcler dazu mehr Zeit als Kinder ohne F\u00f6rderbedarf in der allgemeinen Grundschule. Daher kann bei uns <\/span><\/span><\/span><\/p>\n<p><span style=\"color: #444444;\"><span style=\"font-family: Arial,serif;\"><span style=\"font-size: medium;\">die Grundschulzeit bis zu 5 Jahre dauern, in denen die Kinder Zeit haben<\/span><\/span><\/span><\/p>\n<ul>\n<li><span style=\"color: #444444;\"><span style=\"font-family: Arial,serif;\"><span style=\"font-size: medium;\">ihre sprachlichen Entwicklungsr\u00fcckst\u00e4nde aufzuholen und<\/span><\/span><\/span><\/li>\n<li><span style=\"color: #444444;\"><span style=\"font-family: Arial,serif;\"><span style=\"font-size: medium;\">sich die Lerninhalte der Grundschule zu erarbeiten.<\/span><\/span><\/span><\/li>\n<\/ul>\n<p><span style=\"color: #444444;\"><span style=\"font-family: Arial,serif;\"><span style=\"font-size: medium;\">Das Ziel unserer Schule ist die R\u00fcckf\u00fchrung in die allgemeine Schule (Grundschule oder weiterf\u00fchrende Schule). Der individuelle Lernfortschritt des Kindes bestimmt dabei den Zeitpunkt der m\u00f6glichen R\u00fcckschulung. <\/span><\/span><\/span><\/p>\n<p><span style=\"color: #444444;\"><span style=\"font-family: Arial,serif;\"><span style=\"font-size: medium;\">Durch zahlreiche und vielf\u00e4ltig gestaltete Sprechanl\u00e4sse lernen die Sch\u00fclerinnen und Sch\u00fcler<\/span><\/span><\/span><\/p>\n<ul>\n<li><span style=\"color: #444444;\"><span style=\"font-family: Arial,serif;\"><span style=\"font-size: medium;\">mit Freude zu sprechen<\/span><\/span><\/span><\/li>\n<li><span style=\"color: #444444;\"><span style=\"font-family: Arial,serif;\"><span style=\"font-size: medium;\">ihre Bed\u00fcrfnisse und Erlebnisse zu \u00e4u\u00dfern<\/span><\/span><\/span><\/li>\n<li><span style=\"color: #444444;\"><span style=\"font-family: Arial,serif;\"><span style=\"font-size: medium;\">ihre Aufmerksamkeit auf die Sprache zu lenken<\/span><\/span><\/span><\/li>\n<li><span style=\"color: #444444;\"><span style=\"font-family: Arial,serif;\"><span style=\"font-size: medium;\">anderen im Gespr\u00e4ch zuzuh\u00f6ren<\/span><\/span><\/span><\/li>\n<li><span style=\"color: #444444;\"><span style=\"font-family: Arial,serif;\"><span style=\"font-size: medium;\">Gespr\u00e4chsregeln einzuhalten<\/span><\/span><\/span><\/li>\n<li><span style=\"color: #444444;\"><span style=\"font-family: Arial,serif;\"><span style=\"font-size: medium;\">ohne Angst zu sprechen.<\/span><\/span><\/span><\/li>\n<\/ul>\n<p>&nbsp;<\/p>\n","protected":false},"excerpt":{"rendered":"<p>ist eine st\u00e4dtische F\u00f6rderschule im Primarstufenbereich in Tr\u00e4gerschaft der Stadt K\u00f6ln ist als F\u00f6rderschule der einzige schulische Standort mit dem F\u00f6rderschwerpunkt Sprache\/Primarstufe im gesamten rechtsrheinischen Stadtgebiet von K\u00f6ln. Alle Kinder, <a class=\"more-link\" href=\"https:\/\/www.fs-sprache-alter-muehlenweg.de\/wordpress\/?page_id=298\">Continue Reading &rarr;<\/a><\/p>\n","protected":false},"author":9,"featured_media":0,"parent":6,"menu_order":2,"comment_status":"closed","ping_status":"closed","template":"","meta":{"footnotes":""},"class_list":["post-298","page","type-page","status-publish","hentry"],"_links":{"self":[{"href":"https:\/\/www.fs-sprache-alter-muehlenweg.de\/wordpress\/index.php?rest_route=\/wp\/v2\/pages\/298","targetHints":{"allow":["GET"]}}],"collection":[{"href":"https:\/\/www.fs-sprache-alter-muehlenweg.de\/wordpress\/index.php?rest_route=\/wp\/v2\/pages"}],"about":[{"href":"https:\/\/www.fs-sprache-alter-muehlenweg.de\/wordpress\/index.php?rest_route=\/wp\/v2\/types\/page"}],"author":[{"embeddable":true,"href":"https:\/\/www.fs-sprache-alter-muehlenweg.de\/wordpress\/index.php?rest_route=\/wp\/v2\/users\/9"}],"replies":[{"embeddable":true,"href":"https:\/\/www.fs-sprache-alter-muehlenweg.de\/wordpress\/index.php?rest_route=%2Fwp%2Fv2%2Fcomments&post=298"}],"version-history":[{"count":4,"href":"https:\/\/www.fs-sprache-alter-muehlenweg.de\/wordpress\/index.php?rest_route=\/wp\/v2\/pages\/298\/revisions"}],"predecessor-version":[{"id":3464,"href":"https:\/\/www.fs-sprache-alter-muehlenweg.de\/wordpress\/index.php?rest_route=\/wp\/v2\/pages\/298\/revisions\/3464"}],"up":[{"embeddable":true,"href":"https:\/\/www.fs-sprache-alter-muehlenweg.de\/wordpress\/index.php?rest_route=\/wp\/v2\/pages\/6"}],"wp:attachment":[{"href":"https:\/\/www.fs-sprache-alter-muehlenweg.de\/wordpress\/index.php?rest_route=%2Fwp%2Fv2%2Fmedia&parent=298"}],"curies":[{"name":"wp","href":"https:\/\/api.w.org\/{rel}","templated":true}]}}