{"id":3236,"date":"2023-09-28T07:34:09","date_gmt":"2023-09-28T05:34:09","guid":{"rendered":"https:\/\/www.fs-sprache-alter-muehlenweg.de\/wordpress\/?page_id=3236"},"modified":"2023-09-28T07:37:37","modified_gmt":"2023-09-28T05:37:37","slug":"weihnachts-cd","status":"publish","type":"page","link":"https:\/\/www.fs-sprache-alter-muehlenweg.de\/wordpress\/?page_id=3236","title":{"rendered":"Weihnachts- CD"},"content":{"rendered":"\n<p><strong>Weihnachts-CD 2019 mit dem&nbsp;KVB-Orchester<\/strong> Die Fr\u00f6scheklasse hat 4 Lieder zur Weihnachts-CD mit dem KVB Orchester beigetragen.<\/p>\n\n\n\n<p>Wir haben im Sommer flei\u00dfig Weihnachtslieder ge\u00fcbt und aufgenommen. Die CD wurde finanziert durch die \u201cChristel-Schnieders-Stiftung\u201d, eine gemeinn\u00fctzige Stiftung zur musischen Bildung von Kindern und Jugendlichen in K\u00f6ln. Die CD wurde kostenlos an allen K\u00f6lner Grundschulen verteilt, damit alle Kinder die Gelegenheit haben, Weihnachtslieder zu \u00fcben und mit den Playback -Tracks zu singen.<\/p>\n\n\n\n<p>Die Fr\u00f6sche freuen sich auch ein Teil dieser CD zu sein.<\/p>\n","protected":false},"excerpt":{"rendered":"<p>Weihnachts-CD 2019 mit dem&nbsp;KVB-Orchester Die Fr\u00f6scheklasse hat 4 Lieder zur Weihnachts-CD mit dem KVB Orchester beigetragen. Wir haben im Sommer flei\u00dfig Weihnachtslieder ge\u00fcbt und aufgenommen. Die CD wurde finanziert durch <a class=\"more-link\" href=\"https:\/\/www.fs-sprache-alter-muehlenweg.de\/wordpress\/?page_id=3236\">Continue Reading &rarr;<\/a><\/p>\n","protected":false},"author":9,"featured_media":0,"parent":72,"menu_order":23,"comment_status":"closed","ping_status":"closed","template":"","meta":{"footnotes":""},"class_list":["post-3236","page","type-page","status-publish","hentry"],"_links":{"self":[{"href":"https:\/\/www.fs-sprache-alter-muehlenweg.de\/wordpress\/index.php?rest_route=\/wp\/v2\/pages\/3236","targetHints":{"allow":["GET"]}}],"collection":[{"href":"https:\/\/www.fs-sprache-alter-muehlenweg.de\/wordpress\/index.php?rest_route=\/wp\/v2\/pages"}],"about":[{"href":"https:\/\/www.fs-sprache-alter-muehlenweg.de\/wordpress\/index.php?rest_route=\/wp\/v2\/types\/page"}],"author":[{"embeddable":true,"href":"https:\/\/www.fs-sprache-alter-muehlenweg.de\/wordpress\/index.php?rest_route=\/wp\/v2\/users\/9"}],"replies":[{"embeddable":true,"href":"https:\/\/www.fs-sprache-alter-muehlenweg.de\/wordpress\/index.php?rest_route=%2Fwp%2Fv2%2Fcomments&post=3236"}],"version-history":[{"count":2,"href":"https:\/\/www.fs-sprache-alter-muehlenweg.de\/wordpress\/index.php?rest_route=\/wp\/v2\/pages\/3236\/revisions"}],"predecessor-version":[{"id":3242,"href":"https:\/\/www.fs-sprache-alter-muehlenweg.de\/wordpress\/index.php?rest_route=\/wp\/v2\/pages\/3236\/revisions\/3242"}],"up":[{"embeddable":true,"href":"https:\/\/www.fs-sprache-alter-muehlenweg.de\/wordpress\/index.php?rest_route=\/wp\/v2\/pages\/72"}],"wp:attachment":[{"href":"https:\/\/www.fs-sprache-alter-muehlenweg.de\/wordpress\/index.php?rest_route=%2Fwp%2Fv2%2Fmedia&parent=3236"}],"curies":[{"name":"wp","href":"https:\/\/api.w.org\/{rel}","templated":true}]}}