{"id":4184,"date":"2025-09-18T17:53:52","date_gmt":"2025-09-18T15:53:52","guid":{"rendered":"https:\/\/www.fs-sprache-alter-muehlenweg.de\/wordpress\/?page_id=4184"},"modified":"2025-09-20T14:12:05","modified_gmt":"2025-09-20T12:12:05","slug":"st-martin","status":"publish","type":"page","link":"https:\/\/www.fs-sprache-alter-muehlenweg.de\/wordpress\/?page_id=4184","title":{"rendered":"St. Martin"},"content":{"rendered":"\n<p><br><strong>R\u00fcckblick Martinszug 2024<\/strong><br><br>Zwei Musikkapellen und Sankt Martin mit seinem Pferd haben uns begleitet. Am Martinsfeuer spielte die Kapelle und aus der Stufe 4 f\u00fchrten Kinder die Geschichte von Sankt Martin auf. Wir haben viele  Martinslieder gesungen und zusammen die besondere Atmosph\u00e4re genossen. Im Anschluss erwartete uns eine spannende Verlosung. Zum gem\u00fctlichen Ausklang gab es warme Getr\u00e4nke, frische Weckm\u00e4nner und stimmungsvolle Musik in unserem Schulfoyer, in dem wir abschlie\u00dfend als Schulgemeinschaft zusammen kamen.<\/p>\n\n\n\n<figure class=\"wp-block-image size-large\"><a href=\"https:\/\/www.fs-sprache-alter-muehlenweg.de\/wordpress\/wp-content\/uploads\/2025\/09\/image.jpeg\"><img loading=\"lazy\" decoding=\"async\" width=\"1024\" height=\"768\" src=\"https:\/\/www.fs-sprache-alter-muehlenweg.de\/wordpress\/wp-content\/uploads\/2025\/09\/image-1024x768.jpeg\" alt=\"\" class=\"wp-image-4189\" srcset=\"https:\/\/www.fs-sprache-alter-muehlenweg.de\/wordpress\/wp-content\/uploads\/2025\/09\/image-1024x768.jpeg 1024w, https:\/\/www.fs-sprache-alter-muehlenweg.de\/wordpress\/wp-content\/uploads\/2025\/09\/image-300x225.jpeg 300w, https:\/\/www.fs-sprache-alter-muehlenweg.de\/wordpress\/wp-content\/uploads\/2025\/09\/image-768x576.jpeg 768w, https:\/\/www.fs-sprache-alter-muehlenweg.de\/wordpress\/wp-content\/uploads\/2025\/09\/image-1536x1152.jpeg 1536w, https:\/\/www.fs-sprache-alter-muehlenweg.de\/wordpress\/wp-content\/uploads\/2025\/09\/image.jpeg 2048w\" sizes=\"auto, (max-width: 1024px) 100vw, 1024px\" \/><\/a><\/figure>\n\n\n\n<figure class=\"wp-block-image size-large\"><a href=\"https:\/\/www.fs-sprache-alter-muehlenweg.de\/wordpress\/wp-content\/uploads\/2024\/11\/Laternen.jpg\"><img loading=\"lazy\" decoding=\"async\" width=\"1024\" height=\"768\" src=\"https:\/\/www.fs-sprache-alter-muehlenweg.de\/wordpress\/wp-content\/uploads\/2024\/11\/Laternen-1024x768.jpg\" alt=\"\" class=\"wp-image-3958\" srcset=\"https:\/\/www.fs-sprache-alter-muehlenweg.de\/wordpress\/wp-content\/uploads\/2024\/11\/Laternen-1024x768.jpg 1024w, https:\/\/www.fs-sprache-alter-muehlenweg.de\/wordpress\/wp-content\/uploads\/2024\/11\/Laternen-300x225.jpg 300w, https:\/\/www.fs-sprache-alter-muehlenweg.de\/wordpress\/wp-content\/uploads\/2024\/11\/Laternen-768x576.jpg 768w, https:\/\/www.fs-sprache-alter-muehlenweg.de\/wordpress\/wp-content\/uploads\/2024\/11\/Laternen-1536x1152.jpg 1536w, https:\/\/www.fs-sprache-alter-muehlenweg.de\/wordpress\/wp-content\/uploads\/2024\/11\/Laternen.jpg 1600w\" sizes=\"auto, (max-width: 1024px) 100vw, 1024px\" \/><\/a><\/figure>\n\n\n\n<p><\/p>\n","protected":false},"excerpt":{"rendered":"<p>R\u00fcckblick Martinszug 2024 Zwei Musikkapellen und Sankt Martin mit seinem Pferd haben uns begleitet. Am Martinsfeuer spielte die Kapelle und aus der Stufe 4 f\u00fchrten Kinder die Geschichte von Sankt <a class=\"more-link\" href=\"https:\/\/www.fs-sprache-alter-muehlenweg.de\/wordpress\/?page_id=4184\">Continue Reading &rarr;<\/a><\/p>\n","protected":false},"author":9,"featured_media":0,"parent":78,"menu_order":0,"comment_status":"closed","ping_status":"closed","template":"","meta":{"footnotes":""},"class_list":["post-4184","page","type-page","status-publish","hentry"],"_links":{"self":[{"href":"https:\/\/www.fs-sprache-alter-muehlenweg.de\/wordpress\/index.php?rest_route=\/wp\/v2\/pages\/4184","targetHints":{"allow":["GET"]}}],"collection":[{"href":"https:\/\/www.fs-sprache-alter-muehlenweg.de\/wordpress\/index.php?rest_route=\/wp\/v2\/pages"}],"about":[{"href":"https:\/\/www.fs-sprache-alter-muehlenweg.de\/wordpress\/index.php?rest_route=\/wp\/v2\/types\/page"}],"author":[{"embeddable":true,"href":"https:\/\/www.fs-sprache-alter-muehlenweg.de\/wordpress\/index.php?rest_route=\/wp\/v2\/users\/9"}],"replies":[{"embeddable":true,"href":"https:\/\/www.fs-sprache-alter-muehlenweg.de\/wordpress\/index.php?rest_route=%2Fwp%2Fv2%2Fcomments&post=4184"}],"version-history":[{"count":8,"href":"https:\/\/www.fs-sprache-alter-muehlenweg.de\/wordpress\/index.php?rest_route=\/wp\/v2\/pages\/4184\/revisions"}],"predecessor-version":[{"id":4231,"href":"https:\/\/www.fs-sprache-alter-muehlenweg.de\/wordpress\/index.php?rest_route=\/wp\/v2\/pages\/4184\/revisions\/4231"}],"up":[{"embeddable":true,"href":"https:\/\/www.fs-sprache-alter-muehlenweg.de\/wordpress\/index.php?rest_route=\/wp\/v2\/pages\/78"}],"wp:attachment":[{"href":"https:\/\/www.fs-sprache-alter-muehlenweg.de\/wordpress\/index.php?rest_route=%2Fwp%2Fv2%2Fmedia&parent=4184"}],"curies":[{"name":"wp","href":"https:\/\/api.w.org\/{rel}","templated":true}]}}