{"id":78,"date":"2014-03-05T14:55:52","date_gmt":"2014-03-05T12:55:52","guid":{"rendered":"http:\/\/www.fs-sprache-alter-muehlenweg.de\/wordpress\/?page_id=78"},"modified":"2018-12-03T18:19:39","modified_gmt":"2018-12-03T17:19:39","slug":"feste-und-feiern","status":"publish","type":"page","link":"https:\/\/www.fs-sprache-alter-muehlenweg.de\/wordpress\/?page_id=78","title":{"rendered":"Feste und Feiern"},"content":{"rendered":"<p>Bei uns wird viel gelernt aber auch viel gefeiert&#8230;<\/p>\n<ul>\n<li>Einschlungsfeier in der Mehrzweckhalle<\/li>\n<li>St. Martin mit gro\u00dfem Laternenumzug<\/li>\n<li>w\u00f6chentliches Adventssingen im Foyer<\/li>\n<li>Karneval<\/li>\n<li>Fr\u00fchlingssingen im Foyer<\/li>\n<li>Sport- und Spielefest<\/li>\n<li>Abschlussfeier<\/li>\n<li>Apfelfeste<\/li>\n<li>Feiern in den Klassen (gemeinsames Basteln, Weihnachtsfeiern, jahreszeitliches Fr\u00fchst\u00fcck, Pl\u00e4tzchen backen)<\/li>\n<\/ul>\n<p>&nbsp;<\/p>\n","protected":false},"excerpt":{"rendered":"<p>Bei uns wird viel gelernt aber auch viel gefeiert&#8230; Einschlungsfeier in der Mehrzweckhalle St. Martin mit gro\u00dfem Laternenumzug w\u00f6chentliches Adventssingen im Foyer Karneval Fr\u00fchlingssingen im Foyer Sport- und Spielefest Abschlussfeier <a class=\"more-link\" href=\"https:\/\/www.fs-sprache-alter-muehlenweg.de\/wordpress\/?page_id=78\">Continue Reading &rarr;<\/a><\/p>\n","protected":false},"author":9,"featured_media":0,"parent":8,"menu_order":10,"comment_status":"closed","ping_status":"open","template":"","meta":{"footnotes":""},"class_list":["post-78","page","type-page","status-publish","hentry"],"_links":{"self":[{"href":"https:\/\/www.fs-sprache-alter-muehlenweg.de\/wordpress\/index.php?rest_route=\/wp\/v2\/pages\/78","targetHints":{"allow":["GET"]}}],"collection":[{"href":"https:\/\/www.fs-sprache-alter-muehlenweg.de\/wordpress\/index.php?rest_route=\/wp\/v2\/pages"}],"about":[{"href":"https:\/\/www.fs-sprache-alter-muehlenweg.de\/wordpress\/index.php?rest_route=\/wp\/v2\/types\/page"}],"author":[{"embeddable":true,"href":"https:\/\/www.fs-sprache-alter-muehlenweg.de\/wordpress\/index.php?rest_route=\/wp\/v2\/users\/9"}],"replies":[{"embeddable":true,"href":"https:\/\/www.fs-sprache-alter-muehlenweg.de\/wordpress\/index.php?rest_route=%2Fwp%2Fv2%2Fcomments&post=78"}],"version-history":[{"count":7,"href":"https:\/\/www.fs-sprache-alter-muehlenweg.de\/wordpress\/index.php?rest_route=\/wp\/v2\/pages\/78\/revisions"}],"predecessor-version":[{"id":655,"href":"https:\/\/www.fs-sprache-alter-muehlenweg.de\/wordpress\/index.php?rest_route=\/wp\/v2\/pages\/78\/revisions\/655"}],"up":[{"embeddable":true,"href":"https:\/\/www.fs-sprache-alter-muehlenweg.de\/wordpress\/index.php?rest_route=\/wp\/v2\/pages\/8"}],"wp:attachment":[{"href":"https:\/\/www.fs-sprache-alter-muehlenweg.de\/wordpress\/index.php?rest_route=%2Fwp%2Fv2%2Fmedia&parent=78"}],"curies":[{"name":"wp","href":"https:\/\/api.w.org\/{rel}","templated":true}]}}