{"id":80,"date":"2014-03-05T14:57:04","date_gmt":"2014-03-05T12:57:04","guid":{"rendered":"http:\/\/www.fs-sprache-alter-muehlenweg.de\/wordpress\/?page_id=80"},"modified":"2021-11-23T20:26:50","modified_gmt":"2021-11-23T19:26:50","slug":"foerderverein","status":"publish","type":"page","link":"https:\/\/www.fs-sprache-alter-muehlenweg.de\/wordpress\/?page_id=80","title":{"rendered":"Der F\u00f6rderverein"},"content":{"rendered":"<p>\u2026 <span style=\"font-family: Arial,sans-serif;\">wurde im Jahre 1994 durch die Eltern und Lehrer der Schule ins Leben gerufen und ist als gemeinn\u00fctziger Verein anerkannt.<\/span><\/p>\n<p><span style=\"font-family: Arial,sans-serif;\">Zweck des Vereins ist es laut Satzung, \u201edie Arbeit der Schule durch finanzielle und ideelle Unterst\u00fctzung zu f\u00f6rdern. Er ist konfessionell, weltanschaulich und parteipolitisch neutral.\u201c<\/span><\/p>\n<p><span style=\"font-family: Arial,sans-serif;\">Dank seiner Existenz konnte der F\u00f6rderverein in den zur\u00fcckliegenden, mehr als 20 Jahren vielf\u00e4ltige Ma\u00dfnahmen, Aktionen bzw. Anschaffungen bezuschussen oder finanzieren. Hier einige Beispiele: <\/span><\/p>\n<ul>\n<li><span style=\"font-family: Arial,sans-serif;\">Grundausstattung und Aktualisierung der Sch\u00fclerb\u00fccherei<\/span><\/li>\n<li><span style=\"font-family: Arial,sans-serif;\">Pausenspielzeug<\/span><\/li>\n<li><span style=\"font-family: Arial,sans-serif;\">Unterst\u00fctzung Klimaprojekt<\/span><\/li>\n<li><span style=\"font-family: Arial,sans-serif;\">Zusch\u00fcsse zu Musicalauff\u00fchrungen<\/span><\/li>\n<li><span style=\"font-family: Arial,sans-serif;\">Theaterbesuche und -projekte<\/span><\/li>\n<li><span style=\"font-family: Arial,sans-serif;\">Zusch\u00fcsse zu Klassenfahrten<\/span><\/li>\n<li><span style=\"font-family: Arial,sans-serif;\">usw.<\/span><\/li>\n<\/ul>\n<p><span style=\"font-family: Arial,sans-serif;\">Au\u00dfer der finanziellen Unterst\u00fctzung sollen auch Fortbildungsveranstaltungen zu Schul- und Erziehungsfragen gef\u00f6rdert. Werden. Es fanden Informationsveranstaltungen f\u00fcr Eltern statt, z.B. \u201eStarke Eltern, Starke Kinder\u201c und \u201eGewaltfrei lernen\u201c.<\/span><\/p>\n<p><span style=\"font-family: Arial,sans-serif;\">Grunds\u00e4tzlich will der Verein Unterst\u00fctzung bieten, wenn f\u00fcr schul- oder klassenspezifisch notwendige Aktionen bzw. Anschaffungen keine oder nicht ausreichende Mittel zur Verf\u00fcgung stehen. Ganz wichtig ist z.B. die Unterst\u00fctzung von Eltern bei Klassenfahrten, Bezuschussung des j\u00e4hrlich stattfindenden Martin<\/span><span style=\"font-family: Arial,sans-serif;\">s<\/span><span style=\"font-family: Arial,sans-serif;\">zuges und Nikolausfestes.<\/span><\/p>\n<p><a name=\"c16\"><\/a><span style=\"font-family: Arial,sans-serif;\">Der F\u00f6rderverein m\u00f6chte, durch viele Ma\u00dfnahmen und Aktivit\u00e4ten, auch weiterhin das Leben und Lernen unserer Kinder begleiten. Um die F\u00f6rderm\u00f6glichkeiten des Vereins finanziell, aktiv und auch dauerhaft gew\u00e4hrleisten zu k\u00f6nnen, bitten wir alle Eltern ganz herzlich:<\/span><\/p>\n<p align=\"CENTER\"><span style=\"font-family: Arial,sans-serif;\"><span style=\"font-size: xx-large;\">Werden Sie Mitglied!<\/span><\/span><\/p>\n<p align=\"CENTER\"><strong>Beitrittserkl\u00e4rung zum F\u00f6rderverein (<a href=\"https:\/\/www.fs-sprache-alter-muehlenweg.de\/wordpress\/wp-content\/uploads\/2021\/11\/Beitrittserklaerung.pdf\">hier klicken<\/a>)<\/strong><\/p>\n<ul>\n<li><span style=\"font-family: Arial,sans-serif;\">Der Mindestbeitrag\u00a0 <\/span><span style=\"font-family: Arial,sans-serif;\"><b>pro Jahr<\/b><\/span><span style=\"font-family: Arial,sans-serif;\"> betr\u00e4g<\/span><span style=\"font-family: Arial,sans-serif;\"><b>t<\/b><\/span><span style=\"font-family: Arial,sans-serif;\">\u00a0<\/span><span style=\"font-family: Arial,sans-serif;\"><b>12 Euro<\/b><\/span><span style=\"font-family: Arial,sans-serif;\">.\u00a0\u00a0\u00a0 Stand: Oktober 2009<\/span><\/li>\n<li><span style=\"font-family: Arial,sans-serif;\">H\u00f6here Beitr\u00e4ge bzw. Spenden werden nat\u00fcrlich sehr gerne entgegen genommen.<\/span><\/li>\n<li><span style=\"font-family: Arial,sans-serif;\">Auf schriftlichen Wunsch wird zur Vorlage beim Finanzamt eine Spendenbescheinigung ausgestellt. Auch der Bankauszug wird als Spendenbescheinigung anerkannt.<\/span><\/li>\n<li><span style=\"font-family: Arial,sans-serif;\">Mindestens einmal im Jahr findet eine ordentliche Mitgliederversammlung statt.<\/span><\/li>\n<li><span style=\"font-family: Arial,sans-serif;\">Die Mitgliedschaft im Verein kann nur nach schriftlicher K\u00fcndigung zum Ende des jeweiligen Schuljahres beendet werden. Die Mitgliedschaft endet automatisch, wenn das Kind die Schule verl\u00e4sst.<\/span><\/li>\n<\/ul>\n","protected":false},"excerpt":{"rendered":"<p>\u2026 wurde im Jahre 1994 durch die Eltern und Lehrer der Schule ins Leben gerufen und ist als gemeinn\u00fctziger Verein anerkannt. Zweck des Vereins ist es laut Satzung, \u201edie Arbeit <a class=\"more-link\" href=\"https:\/\/www.fs-sprache-alter-muehlenweg.de\/wordpress\/?page_id=80\">Continue Reading &rarr;<\/a><\/p>\n","protected":false},"author":9,"featured_media":0,"parent":8,"menu_order":20,"comment_status":"closed","ping_status":"open","template":"","meta":{"footnotes":""},"class_list":["post-80","page","type-page","status-publish","hentry"],"_links":{"self":[{"href":"https:\/\/www.fs-sprache-alter-muehlenweg.de\/wordpress\/index.php?rest_route=\/wp\/v2\/pages\/80","targetHints":{"allow":["GET"]}}],"collection":[{"href":"https:\/\/www.fs-sprache-alter-muehlenweg.de\/wordpress\/index.php?rest_route=\/wp\/v2\/pages"}],"about":[{"href":"https:\/\/www.fs-sprache-alter-muehlenweg.de\/wordpress\/index.php?rest_route=\/wp\/v2\/types\/page"}],"author":[{"embeddable":true,"href":"https:\/\/www.fs-sprache-alter-muehlenweg.de\/wordpress\/index.php?rest_route=\/wp\/v2\/users\/9"}],"replies":[{"embeddable":true,"href":"https:\/\/www.fs-sprache-alter-muehlenweg.de\/wordpress\/index.php?rest_route=%2Fwp%2Fv2%2Fcomments&post=80"}],"version-history":[{"count":5,"href":"https:\/\/www.fs-sprache-alter-muehlenweg.de\/wordpress\/index.php?rest_route=\/wp\/v2\/pages\/80\/revisions"}],"predecessor-version":[{"id":2390,"href":"https:\/\/www.fs-sprache-alter-muehlenweg.de\/wordpress\/index.php?rest_route=\/wp\/v2\/pages\/80\/revisions\/2390"}],"up":[{"embeddable":true,"href":"https:\/\/www.fs-sprache-alter-muehlenweg.de\/wordpress\/index.php?rest_route=\/wp\/v2\/pages\/8"}],"wp:attachment":[{"href":"https:\/\/www.fs-sprache-alter-muehlenweg.de\/wordpress\/index.php?rest_route=%2Fwp%2Fv2%2Fmedia&parent=80"}],"curies":[{"name":"wp","href":"https:\/\/api.w.org\/{rel}","templated":true}]}}