{"id":82,"date":"2014-03-05T14:59:15","date_gmt":"2014-03-05T12:59:15","guid":{"rendered":"http:\/\/www.fs-sprache-alter-muehlenweg.de\/wordpress\/?page_id=82"},"modified":"2023-01-21T12:42:58","modified_gmt":"2023-01-21T11:42:58","slug":"diagnostik","status":"publish","type":"page","link":"https:\/\/www.fs-sprache-alter-muehlenweg.de\/wordpress\/?page_id=82","title":{"rendered":"Diagnostik"},"content":{"rendered":"<p>Kinder mit F\u00f6rderbedarf im Bereich Sprache werden auf Wunsch der Eltern bei uns aufgenommen.<\/p>\n<p>Den Antrag zur \u00dcberpr\u00fcfung des sonderp\u00e4dagogischen F\u00f6rderbedarfs stellen die Eltern bei der Schulanmeldung an der allgemeinen Grundschule.<\/p>\n<p>In der Regel findet eine erste Beratung durch unsere Schule statt. Eine ausf\u00fchrliche Diagnostik erfolgt nach Einleitung des Verfahrens zur \u00dcberpr\u00fcfung des\u00a0 sonderp\u00e4dagogischen F\u00f6rderbedarfs.<\/p>\n<p>Auch die Aufnahme zu einem sp\u00e4teren Zeitpunkt ist m\u00f6glich.<\/p>\n<p>F\u00fcr weitere Fragen und Informationen stehen wir jeder Zeit zur Verf\u00fcgung.<\/p>\n","protected":false},"excerpt":{"rendered":"<p>Kinder mit F\u00f6rderbedarf im Bereich Sprache werden auf Wunsch der Eltern bei uns aufgenommen. Den Antrag zur \u00dcberpr\u00fcfung des sonderp\u00e4dagogischen F\u00f6rderbedarfs stellen die Eltern bei der Schulanmeldung an der allgemeinen <a class=\"more-link\" href=\"https:\/\/www.fs-sprache-alter-muehlenweg.de\/wordpress\/?page_id=82\">Continue Reading &rarr;<\/a><\/p>\n","protected":false},"author":9,"featured_media":0,"parent":10,"menu_order":1,"comment_status":"closed","ping_status":"open","template":"","meta":{"footnotes":""},"class_list":["post-82","page","type-page","status-publish","hentry"],"_links":{"self":[{"href":"https:\/\/www.fs-sprache-alter-muehlenweg.de\/wordpress\/index.php?rest_route=\/wp\/v2\/pages\/82","targetHints":{"allow":["GET"]}}],"collection":[{"href":"https:\/\/www.fs-sprache-alter-muehlenweg.de\/wordpress\/index.php?rest_route=\/wp\/v2\/pages"}],"about":[{"href":"https:\/\/www.fs-sprache-alter-muehlenweg.de\/wordpress\/index.php?rest_route=\/wp\/v2\/types\/page"}],"author":[{"embeddable":true,"href":"https:\/\/www.fs-sprache-alter-muehlenweg.de\/wordpress\/index.php?rest_route=\/wp\/v2\/users\/9"}],"replies":[{"embeddable":true,"href":"https:\/\/www.fs-sprache-alter-muehlenweg.de\/wordpress\/index.php?rest_route=%2Fwp%2Fv2%2Fcomments&post=82"}],"version-history":[{"count":5,"href":"https:\/\/www.fs-sprache-alter-muehlenweg.de\/wordpress\/index.php?rest_route=\/wp\/v2\/pages\/82\/revisions"}],"predecessor-version":[{"id":2910,"href":"https:\/\/www.fs-sprache-alter-muehlenweg.de\/wordpress\/index.php?rest_route=\/wp\/v2\/pages\/82\/revisions\/2910"}],"up":[{"embeddable":true,"href":"https:\/\/www.fs-sprache-alter-muehlenweg.de\/wordpress\/index.php?rest_route=\/wp\/v2\/pages\/10"}],"wp:attachment":[{"href":"https:\/\/www.fs-sprache-alter-muehlenweg.de\/wordpress\/index.php?rest_route=%2Fwp%2Fv2%2Fmedia&parent=82"}],"curies":[{"name":"wp","href":"https:\/\/api.w.org\/{rel}","templated":true}]}}