{"id":84,"date":"2014-03-05T14:59:47","date_gmt":"2014-03-05T12:59:47","guid":{"rendered":"http:\/\/www.fs-sprache-alter-muehlenweg.de\/wordpress\/?page_id=84"},"modified":"2019-03-13T19:32:26","modified_gmt":"2019-03-13T18:32:26","slug":"therapie","status":"publish","type":"page","link":"https:\/\/www.fs-sprache-alter-muehlenweg.de\/wordpress\/?page_id=84","title":{"rendered":"Sprachf\u00f6rderung"},"content":{"rendered":"<p>Die Sch\u00fclerinnen und Sch\u00fcler nehmen w\u00f6chentlich bis zur S3 Klasse an einer individuellen Sprachf\u00f6rderung teil. Hierbei kann der sprachliche F\u00f6rderbedarf besonders ber\u00fccksichtigt werden.<\/p>\n<p>Einige Kinder\u00a0 erhalten zus\u00e4tzlich zur Sprachf\u00f6rderung im Unterricht noch weitere Sprachtherapie in den R\u00e4umen unserer Schule. An einigen Tagen sind Logop\u00e4dinnen vor Ort und f\u00f6rdern die Sprache nachdem ein Rezept durch einen Kinderarzt verordnet wurde. Die Abrechnung erfolgt durch die Krankenkasse. Ein gro\u00dfer Vorteil ist, dass die Kinder nicht nach Schule oder \/ und OGS von den Eltern zu einer Praxis gebracht werden m\u00fcssen.<\/p>\n","protected":false},"excerpt":{"rendered":"<p>Die Sch\u00fclerinnen und Sch\u00fcler nehmen w\u00f6chentlich bis zur S3 Klasse an einer individuellen Sprachf\u00f6rderung teil. Hierbei kann der sprachliche F\u00f6rderbedarf besonders ber\u00fccksichtigt werden. Einige Kinder\u00a0 erhalten zus\u00e4tzlich zur Sprachf\u00f6rderung im <a class=\"more-link\" href=\"https:\/\/www.fs-sprache-alter-muehlenweg.de\/wordpress\/?page_id=84\">Continue Reading &rarr;<\/a><\/p>\n","protected":false},"author":9,"featured_media":0,"parent":10,"menu_order":2,"comment_status":"closed","ping_status":"open","template":"","meta":{"footnotes":""},"class_list":["post-84","page","type-page","status-publish","hentry"],"_links":{"self":[{"href":"https:\/\/www.fs-sprache-alter-muehlenweg.de\/wordpress\/index.php?rest_route=\/wp\/v2\/pages\/84","targetHints":{"allow":["GET"]}}],"collection":[{"href":"https:\/\/www.fs-sprache-alter-muehlenweg.de\/wordpress\/index.php?rest_route=\/wp\/v2\/pages"}],"about":[{"href":"https:\/\/www.fs-sprache-alter-muehlenweg.de\/wordpress\/index.php?rest_route=\/wp\/v2\/types\/page"}],"author":[{"embeddable":true,"href":"https:\/\/www.fs-sprache-alter-muehlenweg.de\/wordpress\/index.php?rest_route=\/wp\/v2\/users\/9"}],"replies":[{"embeddable":true,"href":"https:\/\/www.fs-sprache-alter-muehlenweg.de\/wordpress\/index.php?rest_route=%2Fwp%2Fv2%2Fcomments&post=84"}],"version-history":[{"count":7,"href":"https:\/\/www.fs-sprache-alter-muehlenweg.de\/wordpress\/index.php?rest_route=\/wp\/v2\/pages\/84\/revisions"}],"predecessor-version":[{"id":919,"href":"https:\/\/www.fs-sprache-alter-muehlenweg.de\/wordpress\/index.php?rest_route=\/wp\/v2\/pages\/84\/revisions\/919"}],"up":[{"embeddable":true,"href":"https:\/\/www.fs-sprache-alter-muehlenweg.de\/wordpress\/index.php?rest_route=\/wp\/v2\/pages\/10"}],"wp:attachment":[{"href":"https:\/\/www.fs-sprache-alter-muehlenweg.de\/wordpress\/index.php?rest_route=%2Fwp%2Fv2%2Fmedia&parent=84"}],"curies":[{"name":"wp","href":"https:\/\/api.w.org\/{rel}","templated":true}]}}