{"id":86,"date":"2014-03-05T15:00:42","date_gmt":"2014-03-05T13:00:42","guid":{"rendered":"http:\/\/www.fs-sprache-alter-muehlenweg.de\/wordpress\/?page_id=86"},"modified":"2019-03-13T19:17:59","modified_gmt":"2019-03-13T18:17:59","slug":"unterrichtsfaecher","status":"publish","type":"page","link":"https:\/\/www.fs-sprache-alter-muehlenweg.de\/wordpress\/?page_id=86","title":{"rendered":"Unterrichtsf\u00e4cher"},"content":{"rendered":"<p>Unser Unterricht orientiert sich an folgenden Unterrichtsprinzipien:<br \/>\nUnterrichtsinhalte und Unterrichtsgestaltung werden so ausgew\u00e4hlt, dass sie sprachf\u00f6rdernd eingesetzt und umgesetzt werden k\u00f6nnen; auch in den schulinternen Curricula wird ein Schwerpunkt auf den Bereich Sprachf\u00f6rderung gelegt.<br \/>\nUnser handlungsorientierter Unterricht ist ganzheitlich und sch\u00fcleraktiv.<br \/>\nBei der Unterrichtsgestaltung gelten folgende Prinzipien: Klare, verl\u00e4ssliche Tagesstrukturen, Ritualisierung und Rhythmisierung der t\u00e4glichen Abl\u00e4ufe, vielf\u00e4ltige Bewegungsm\u00f6glichkeiten im Unterricht, Struktur und Visualisierung.<br \/>\nUnser Unterricht ist individualisiert und differenziert. Unsere Sch\u00fcler lernen in kleinen Gruppen. F\u00fcr jedes Kind erstellen wir einen individuellen F\u00f6rderplan. Grundlage f\u00fcr den F\u00f6rderplan ist unser Entwicklungsbericht, der schulintern erarbeitet wurde.<br \/>\nEs wird eine Kultur des Lobens und der positiven Verst\u00e4rkung gepflegt. Unsere Sch\u00fcler erleben Lernsituationen, die ihnen Erfolgserlebnisse und Freude an der sprachlichen Begegnung erm\u00f6glichen.<br \/>\nIm Tagesablauf setzen wir Schwerpunkte unter Ber\u00fccksichtigung des F\u00f6rderbedarfs unserer Sch\u00fcler. Wahrnehmungs- und Bewegungsf\u00f6rderung sehen wir als integrierte Bestandteile unseres Unterrichts an.<br \/>\nWir setzen eine Vielfalt von Arbeits- und Sozialformen ein: z.B. Freiarbeit, Wochenplanarbeit, Stationsverfahren, Lernparcours mit Bewegungselementen, Entlastung der Sch\u00fcler durch Spielphasen.<br \/>\nWir sehen jedes Kind als eigenst\u00e4ndige Pers\u00f6nlichkeit. Wir akzeptieren unsere Sch\u00fcler\/innen in ihrer Besonderheit und best\u00e4rken sie in ihrem Selbstwertgef\u00fchl. Wir nehmen uns Zeit f\u00fcr ihre Alltagserlebnisse, Sorgen und N\u00f6te.<br \/>\nWir setzen einen Schwerpunkt auf die F\u00f6rderung des sozialen Handelns. Wir geben den Kindern durch Regeln und Rituale einen sicheren Orientierungsrahmen. Dabei richten wir uns an Werten wie gegenseitige Achtung, Hilfsbereitschaft, R\u00fccksichtnahme, Fairness.<\/p>\n<p>Die intensive, individuelle F\u00f6rderung hat zum Ziel, unsere Sch\u00fcler so schnell wie m\u00f6glich an die allgemeinbildende Schule zur\u00fcck zu \u00fcberweisen.<\/p>\n<p><strong>Folgende F\u00e4cher werden unterrichtet:<\/strong><\/p>\n<p>Deutsch<\/p>\n<p>Mathematik<\/p>\n<p>Englisch<\/p>\n<p>Religion<\/p>\n<p>Sachunterricht<\/p>\n<p>Sport (einschlie\u00dflich Schwimmen)<\/p>\n<p>Kunst<\/p>\n<p>Musik<\/p>\n<p>Dar\u00fcber hinaus erhalten die Sch\u00fclerinnen und Sch\u00fcler von der Klasse S1 bis S3 w\u00f6chentlich Sprachf\u00f6rderunterricht in einer Kleingruppe.<\/p>\n","protected":false},"excerpt":{"rendered":"<p>Unser Unterricht orientiert sich an folgenden Unterrichtsprinzipien: Unterrichtsinhalte und Unterrichtsgestaltung werden so ausgew\u00e4hlt, dass sie sprachf\u00f6rdernd eingesetzt und umgesetzt werden k\u00f6nnen; auch in den schulinternen Curricula wird ein Schwerpunkt auf <a class=\"more-link\" href=\"https:\/\/www.fs-sprache-alter-muehlenweg.de\/wordpress\/?page_id=86\">Continue Reading &rarr;<\/a><\/p>\n","protected":false},"author":9,"featured_media":0,"parent":10,"menu_order":3,"comment_status":"closed","ping_status":"open","template":"","meta":{"footnotes":""},"class_list":["post-86","page","type-page","status-publish","hentry"],"_links":{"self":[{"href":"https:\/\/www.fs-sprache-alter-muehlenweg.de\/wordpress\/index.php?rest_route=\/wp\/v2\/pages\/86","targetHints":{"allow":["GET"]}}],"collection":[{"href":"https:\/\/www.fs-sprache-alter-muehlenweg.de\/wordpress\/index.php?rest_route=\/wp\/v2\/pages"}],"about":[{"href":"https:\/\/www.fs-sprache-alter-muehlenweg.de\/wordpress\/index.php?rest_route=\/wp\/v2\/types\/page"}],"author":[{"embeddable":true,"href":"https:\/\/www.fs-sprache-alter-muehlenweg.de\/wordpress\/index.php?rest_route=\/wp\/v2\/users\/9"}],"replies":[{"embeddable":true,"href":"https:\/\/www.fs-sprache-alter-muehlenweg.de\/wordpress\/index.php?rest_route=%2Fwp%2Fv2%2Fcomments&post=86"}],"version-history":[{"count":12,"href":"https:\/\/www.fs-sprache-alter-muehlenweg.de\/wordpress\/index.php?rest_route=\/wp\/v2\/pages\/86\/revisions"}],"predecessor-version":[{"id":915,"href":"https:\/\/www.fs-sprache-alter-muehlenweg.de\/wordpress\/index.php?rest_route=\/wp\/v2\/pages\/86\/revisions\/915"}],"up":[{"embeddable":true,"href":"https:\/\/www.fs-sprache-alter-muehlenweg.de\/wordpress\/index.php?rest_route=\/wp\/v2\/pages\/10"}],"wp:attachment":[{"href":"https:\/\/www.fs-sprache-alter-muehlenweg.de\/wordpress\/index.php?rest_route=%2Fwp%2Fv2%2Fmedia&parent=86"}],"curies":[{"name":"wp","href":"https:\/\/api.w.org\/{rel}","templated":true}]}}